{"id":689,"date":"2019-10-14T23:12:13","date_gmt":"2019-10-15T02:12:13","guid":{"rendered":"https:\/\/devinstitucional.sancristobalseguros.com.uy\/institucional\/?page_id=689"},"modified":"2021-10-06T17:11:03","modified_gmt":"2021-10-06T20:11:03","slug":"detalle-de-cobertura-seguro-automotor","status":"publish","type":"page","link":"https:\/\/www.sancristobalseguros.com.uy\/institucional\/automotor\/detalle-de-cobertura-seguro-automotor\/","title":{"rendered":"Detalle de cobertura"},"content":{"rendered":"\t\t<div data-elementor-type=\"wp-page\" data-elementor-id=\"689\" class=\"elementor elementor-689\" data-elementor-post-type=\"page\">\n\t\t\t\t\t\t<section class=\"elementor-section elementor-top-section elementor-element elementor-element-72572d2 elementor-section-height-min-height elementor-section-boxed elementor-section-height-default elementor-section-items-middle\" data-id=\"72572d2\" data-element_type=\"section\" data-e-type=\"section\" data-settings=\"{&quot;background_background&quot;:&quot;slideshow&quot;,&quot;background_slideshow_gallery&quot;:[{&quot;id&quot;:643,&quot;url&quot;:&quot;http:\\\/\\\/www.sancristobalseguros.com.uy\\\/institucional\\\/wp-content\\\/uploads\\\/2019\\\/10\\\/automotor.jpg&quot;}],&quot;background_slideshow_loop&quot;:&quot;yes&quot;,&quot;background_slideshow_slide_duration&quot;:5000,&quot;background_slideshow_slide_transition&quot;:&quot;fade&quot;,&quot;background_slideshow_transition_duration&quot;:500}\">\n\t\t\t\t\t\t<div class=\"elementor-container elementor-column-gap-default\">\n\t\t\t\t\t<div class=\"elementor-column elementor-col-100 elementor-top-column elementor-element elementor-element-0e11489\" data-id=\"0e11489\" data-element_type=\"column\" data-e-type=\"column\">\n\t\t\t<div class=\"elementor-widget-wrap elementor-element-populated\">\n\t\t\t\t\t\t<div class=\"elementor-element elementor-element-547e2e5 elementor-widget elementor-widget-heading\" data-id=\"547e2e5\" data-element_type=\"widget\" data-e-type=\"widget\" data-widget_type=\"heading.default\">\n\t\t\t\t<div class=\"elementor-widget-container\">\n\t\t\t\t\t<h4 class=\"elementor-heading-title elementor-size-default\">Seguros para personas<\/h4>\t\t\t\t<\/div>\n\t\t\t\t<\/div>\n\t\t\t\t<div class=\"elementor-element elementor-element-5f1b800 elementor-widget elementor-widget-heading\" data-id=\"5f1b800\" data-element_type=\"widget\" data-e-type=\"widget\" data-widget_type=\"heading.default\">\n\t\t\t\t<div class=\"elementor-widget-container\">\n\t\t\t\t\t<h1 class=\"elementor-heading-title elementor-size-default\">Automotor<\/h1>\t\t\t\t<\/div>\n\t\t\t\t<\/div>\n\t\t\t\t\t<\/div>\n\t\t<\/div>\n\t\t\t\t\t<\/div>\n\t\t<\/section>\n\t\t\t\t<section class=\"elementor-section elementor-top-section elementor-element elementor-element-3b2d81d5 elementor-section-boxed elementor-section-height-default elementor-section-height-default\" data-id=\"3b2d81d5\" data-element_type=\"section\" data-e-type=\"section\">\n\t\t\t\t\t\t<div class=\"elementor-container elementor-column-gap-default\">\n\t\t\t\t\t<div class=\"elementor-column elementor-col-100 elementor-top-column elementor-element elementor-element-64ada171\" data-id=\"64ada171\" data-element_type=\"column\" data-e-type=\"column\">\n\t\t\t<div class=\"elementor-widget-wrap elementor-element-populated\">\n\t\t\t\t\t\t<div class=\"elementor-element elementor-element-643d9ad5 elementor-widget elementor-widget-ee-breadcrumbs\" data-id=\"643d9ad5\" data-element_type=\"widget\" data-e-type=\"widget\" data-widget_type=\"ee-breadcrumbs.default\">\n\t\t\t\t<div class=\"elementor-widget-container\">\n\t\t\t\t\t<ul class=\"ee-breadcrumbs\" itemscope=\"\" itemtype=\"http:\/\/schema.org\/BreadcrumbList\"><\/ul>\t\t\t\t<\/div>\n\t\t\t\t<\/div>\n\t\t\t\t\t<\/div>\n\t\t<\/div>\n\t\t\t\t\t<\/div>\n\t\t<\/section>\n\t\t\t\t<section class=\"elementor-section elementor-top-section elementor-element elementor-element-177a5a3 elementor-section-boxed elementor-section-height-default elementor-section-height-default\" data-id=\"177a5a3\" data-element_type=\"section\" data-e-type=\"section\">\n\t\t\t\t\t\t<div class=\"elementor-container elementor-column-gap-default\">\n\t\t\t\t\t<div class=\"elementor-column elementor-col-100 elementor-top-column elementor-element elementor-element-01174e9\" data-id=\"01174e9\" data-element_type=\"column\" data-e-type=\"column\">\n\t\t\t<div class=\"elementor-widget-wrap elementor-element-populated\">\n\t\t\t\t\t\t<div class=\"elementor-element elementor-element-d2597a5 elementor-widget elementor-widget-heading\" data-id=\"d2597a5\" data-element_type=\"widget\" data-e-type=\"widget\" data-widget_type=\"heading.default\">\n\t\t\t\t<div class=\"elementor-widget-container\">\n\t\t\t\t\t<h4 class=\"elementor-heading-title elementor-size-default\">Detalle de tu cobertura:<\/h4>\t\t\t\t<\/div>\n\t\t\t\t<\/div>\n\t\t\t\t<div class=\"elementor-element elementor-element-1b0bd01 elementor-tabs-view-horizontal elementor-widget elementor-widget-tabs\" data-id=\"1b0bd01\" data-element_type=\"widget\" data-e-type=\"widget\" data-widget_type=\"tabs.default\">\n\t\t\t\t<div class=\"elementor-widget-container\">\n\t\t\t\t\t\t\t<div class=\"elementor-tabs\">\n\t\t\t<div class=\"elementor-tabs-wrapper\" role=\"tablist\" >\n\t\t\t\t\t\t\t\t\t<div id=\"elementor-tab-title-2831\" class=\"elementor-tab-title elementor-tab-desktop-title\" aria-selected=\"true\" data-tab=\"1\" role=\"tab\" tabindex=\"0\" aria-controls=\"elementor-tab-content-2831\" aria-expanded=\"false\">Responsabilidad civil<\/div>\n\t\t\t\t\t\t\t\t\t<div id=\"elementor-tab-title-2832\" class=\"elementor-tab-title elementor-tab-desktop-title\" aria-selected=\"false\" data-tab=\"2\" role=\"tab\" tabindex=\"-1\" aria-controls=\"elementor-tab-content-2832\" aria-expanded=\"false\">Incendio total o parcial<\/div>\n\t\t\t\t\t\t\t\t\t<div id=\"elementor-tab-title-2833\" class=\"elementor-tab-title elementor-tab-desktop-title\" aria-selected=\"false\" data-tab=\"3\" role=\"tab\" tabindex=\"-1\" aria-controls=\"elementor-tab-content-2833\" aria-expanded=\"false\">Accidente total o parcial<\/div>\n\t\t\t\t\t\t\t\t\t<div id=\"elementor-tab-title-2834\" class=\"elementor-tab-title elementor-tab-desktop-title\" aria-selected=\"false\" data-tab=\"4\" role=\"tab\" tabindex=\"-1\" aria-controls=\"elementor-tab-content-2834\" aria-expanded=\"false\">Rapi\u00f1a o hurto total o parcial<\/div>\n\t\t\t\t\t\t\t\t\t<div id=\"elementor-tab-title-2835\" class=\"elementor-tab-title elementor-tab-desktop-title\" aria-selected=\"false\" data-tab=\"5\" role=\"tab\" tabindex=\"-1\" aria-controls=\"elementor-tab-content-2835\" aria-expanded=\"false\">Accidentes personales<\/div>\n\t\t\t\t\t\t\t<\/div>\n\t\t\t<div class=\"elementor-tabs-content-wrapper\" role=\"tablist\" aria-orientation=\"vertical\">\n\t\t\t\t\t\t\t\t\t<div class=\"elementor-tab-title elementor-tab-mobile-title\" aria-selected=\"true\" data-tab=\"1\" role=\"tab\" tabindex=\"0\" aria-controls=\"elementor-tab-content-2831\" aria-expanded=\"false\">Responsabilidad civil<\/div>\n\t\t\t\t\t<div id=\"elementor-tab-content-2831\" class=\"elementor-tab-content elementor-clearfix\" data-tab=\"1\" role=\"tabpanel\" aria-labelledby=\"elementor-tab-title-2831\" tabindex=\"0\" hidden=\"false\"><h4>Cubre<\/h4><p>Reclamos que pueda recibir el asegurado por da\u00f1os causados a terceras personas o sus bienes, ya sean producidos por \u00e9l o por quien conduzca su autom\u00f3vil.<\/p><h4>Principales exclusiones<\/h4><p>No se indemnizar\u00e1n los da\u00f1os sufridos por:<\/p><ul><li>El c\u00f3nyuge y los parientes del asegurado, conductor o del propietario del veh\u00edculo hasta tercer grado de consanguinidad.<\/li><li>En el caso de sociedades, los directivos.<\/li><li>Las personas en relaci\u00f3n de dependencia laboral del asegurado o conductor, en tanto el evento se produzca en oportunidad o con motivo del trabajo.<\/li><li>Pacientes transportados si el rodado asegurado es una ambulancia.<\/li><li>Terceras personas transportadas en los siguientes veh\u00edculos: tractores y m\u00e1quinas; maquinaria vial; acoplados y semi-remolques; casas rodantes (sin propulsi\u00f3n propia); bantams y trailers.<\/li><\/ul><h4>Particularidades<\/h4><p>La cantidad de personas cubiertas en cada unidad depende de las especificaciones de f\u00e1brica y en el caso de transporte de pasajeros la habilitaci\u00f3n municipal, comunal o de la comisi\u00f3n nacional de transporte para tr\u00e1fico interjuridisccional.<\/p><\/div>\n\t\t\t\t\t\t\t\t\t<div class=\"elementor-tab-title elementor-tab-mobile-title\" aria-selected=\"false\" data-tab=\"2\" role=\"tab\" tabindex=\"-1\" aria-controls=\"elementor-tab-content-2832\" aria-expanded=\"false\">Incendio total o parcial<\/div>\n\t\t\t\t\t<div id=\"elementor-tab-content-2832\" class=\"elementor-tab-content elementor-clearfix\" data-tab=\"2\" role=\"tabpanel\" aria-labelledby=\"elementor-tab-title-2832\" tabindex=\"0\" hidden=\"hidden\"><h4>Cubre<\/h4><ul><li>Los da\u00f1os materiales que sufra el veh\u00edculo asegurado por la acci\u00f3n del fuego, explosi\u00f3n, roce o choque de o con otros veh\u00edculos, personas, animales o cualquier otro agente externo y ajeno al mismo veh\u00edculo.<\/li><li>Da\u00f1os de incendio como consecuencia de meteorito, terremoto, maremoto o erupci\u00f3n volc\u00e1nica; hurac\u00e1n, tornado o tempestad; granizo e inundaci\u00f3n.<\/li><li>\u00a0Los da\u00f1os de incendio como consecuencia de hechos de huelga, lock-out o tumulto popular (siempre que Usted o el conductor no sean part\u00edcipes de dichos eventos).<\/li><\/ul><h4>Principales exclusiones<\/h4><ul><li>Da\u00f1os de orden mec\u00e1nico o el\u00e9ctrico, pinchaduras, cortaduras y\/o reventones de neum\u00e1ticos que no sean consecuencia de un acontecimiento cubierto.<\/li><li>Vicio propio, mal estado de conservaci\u00f3n, desgaste, oxidaci\u00f3n o corrosi\u00f3n.<\/li><li>Da\u00f1os originados por la corriente, descarga y otros fen\u00f3menos el\u00e9ctricos que afecten la instalaci\u00f3n el\u00e9ctrica, sus aparatos y circuitos, aunque se manifiesten en forma de fuego, fusi\u00f3n y\/o explosi\u00f3n.<\/li><li>Da\u00f1os producidos por quemadura, chamuscado, humo o cualquier deterioro que prevenga de contacto o aproximaci\u00f3n a fuentes de calor extra\u00f1as al veh\u00edculo.<\/li><\/ul><\/div>\n\t\t\t\t\t\t\t\t\t<div class=\"elementor-tab-title elementor-tab-mobile-title\" aria-selected=\"false\" data-tab=\"3\" role=\"tab\" tabindex=\"-1\" aria-controls=\"elementor-tab-content-2833\" aria-expanded=\"false\">Accidente total o parcial<\/div>\n\t\t\t\t\t<div id=\"elementor-tab-content-2833\" class=\"elementor-tab-content elementor-clearfix\" data-tab=\"3\" role=\"tabpanel\" aria-labelledby=\"elementor-tab-title-2833\" tabindex=\"0\" hidden=\"hidden\"><h4>Cubre<\/h4><ul><li><span lang=\"ES\">Da\u00f1os provocados por vuelco, despe\u00f1amiento o inmersi\u00f3n.<\/span><\/li><li><span lang=\"ES\">Da\u00f1os ocasionados por roce o choque de o con otros veh\u00edculos, personas, animales o cualquier otro agente externo, sea que est\u00e9 circulando al aire libre o bajo techo, fuese remolcado, o durante su transporte terrestre, fluvial o lacustre. Incluye da\u00f1os ocasionados por terceros.<\/span><\/li><\/ul><h4>Principales exclusiones<\/h4><ul><li>Cuando el veh\u00edculo est\u00e9 circulando por caminos no habilitados o atraviese cursos de agua o se hubiera dejado estacionado sobre playas de mares, r\u00edos, lagos o lagunas y el siniestro sea consecuencia de una creciente normalo natural de los mismos.<\/li><li>Cuando el veh\u00edculo sea conducido por una persona que transitoriamente se encontrara imposibilitada del libre movimiento de alguno de sus miembros o con signos de alteraci\u00f3n ps\u00edquica y\/o de trastornos de la coordinaci\u00f3n motora derivados o no de la ingesti\u00f3n de drogas que impidan la conducci\u00f3n normal y prudente del veh\u00edculo.<\/li><li>Cuando el veh\u00edculo fuese conducido por una persona que posea una concentraci\u00f3n de alcohol en la sangre igual o superior a tres decigramos de alcohol por litro de sangre.<\/li><\/ul><h4>Particularidades<\/h4><p>La cantidad de personas cubiertas en cada unidad depende de las especificaciones de f\u00e1brica y en el caso de transporte de pasajeros la habilitaci\u00f3n municipal, comunal o de la comisi\u00f3n nacional de transporte para tr\u00e1fico interjuridisccional.<\/p><\/div>\n\t\t\t\t\t\t\t\t\t<div class=\"elementor-tab-title elementor-tab-mobile-title\" aria-selected=\"false\" data-tab=\"4\" role=\"tab\" tabindex=\"-1\" aria-controls=\"elementor-tab-content-2834\" aria-expanded=\"false\">Rapi\u00f1a o hurto total o parcial<\/div>\n\t\t\t\t\t<div id=\"elementor-tab-content-2834\" class=\"elementor-tab-content elementor-clearfix\" data-tab=\"4\" role=\"tabpanel\" aria-labelledby=\"elementor-tab-title-2834\" tabindex=\"0\" hidden=\"hidden\"><h4>Cubre<\/h4><p>Apoderamiento ileg\u00edtimo del autom\u00f3vil o de sus partes, con o sin violencia en las cosas o intimidaci\u00f3n de las personas.<\/p><h4>Principales exclusiones<\/h4><ul><li>La sustracci\u00f3n de las llaves del veh\u00edculo cuando estas sean el \u00fanico elemento sustra\u00eddo.<\/li><li>Da\u00f1os (rotura de cristales, raspones, etc.) que sufra el autom\u00f3vil como consecuencia de robo o intento de robo, salvo que su seguro incluya la cobertura de Da\u00f1os Parciales por Accidentes.<\/li><li>Los faltantes, cuando se produce en Robo Total y aparece luego el autom\u00f3vil, a excepci\u00f3n de que su seguro incluya la cobertura de Robo Parcial.<\/li><li>Tazas de ruedas, tapas de radiador y tanque de combustible, escobillas y brazas limpiaparabrisas, espejos e insignias exteriores y herramientas, formen o no parte del equipo original de f\u00e1brica.<\/li><\/ul><\/div>\n\t\t\t\t\t\t\t\t\t<div class=\"elementor-tab-title elementor-tab-mobile-title\" aria-selected=\"false\" data-tab=\"5\" role=\"tab\" tabindex=\"-1\" aria-controls=\"elementor-tab-content-2835\" aria-expanded=\"false\">Accidentes personales<\/div>\n\t\t\t\t\t<div id=\"elementor-tab-content-2835\" class=\"elementor-tab-content elementor-clearfix\" data-tab=\"5\" role=\"tabpanel\" aria-labelledby=\"elementor-tab-title-2835\" tabindex=\"0\" hidden=\"hidden\"><h4>Cubre<\/h4><p>Indemnizaci\u00f3n en caso de muerte o invalidez total y permanente del conductor del veh\u00edculo asegurado, como consecuencia de un accidente de tr\u00e1nsito que involucre el veh\u00edculo asegurado.<\/p><\/div>\n\t\t\t\t\t\t\t<\/div>\n\t\t<\/div>\n\t\t\t\t\t\t<\/div>\n\t\t\t\t<\/div>\n\t\t\t\t\t<\/div>\n\t\t<\/div>\n\t\t\t\t\t<\/div>\n\t\t<\/section>\n\t\t\t\t<section class=\"elementor-section elementor-top-section elementor-element elementor-element-818601f elementor-section-boxed elementor-section-height-default elementor-section-height-default\" data-id=\"818601f\" data-element_type=\"section\" data-e-type=\"section\">\n\t\t\t\t\t\t<div class=\"elementor-container elementor-column-gap-default\">\n\t\t\t\t\t<div class=\"elementor-column elementor-col-100 elementor-top-column elementor-element elementor-element-c4410f2\" data-id=\"c4410f2\" data-element_type=\"column\" data-e-type=\"column\">\n\t\t\t<div class=\"elementor-widget-wrap elementor-element-populated\">\n\t\t\t\t\t\t<div class=\"elementor-element elementor-element-f74b536 elementor-widget elementor-widget-text-editor\" data-id=\"f74b536\" data-element_type=\"widget\" data-e-type=\"widget\" data-widget_type=\"text-editor.default\">\n\t\t\t\t<div class=\"elementor-widget-container\">\n\t\t\t\t\t\t\t\t\t<p>Puede ver las condiciones generales de Seguro Automotor, haciendo\u00a0<u style=\"background-color: #ffffff; font-size: 1rem;\"><a href=\"http:\/\/www.sancristobalseguros.com.uy\/institucional\/wp-content\/uploads\/2021\/10\/SC_condiciones_generales_AUTOMOTOR-1.pdf\">clic aqu\u00ed<\/a><\/u><\/p>\t\t\t\t\t\t\t\t<\/div>\n\t\t\t\t<\/div>\n\t\t\t\t\t<\/div>\n\t\t<\/div>\n\t\t\t\t\t<\/div>\n\t\t<\/section>\n\t\t\t\t<\/div>\n\t\t","protected":false},"excerpt":{"rendered":"<p>Seguros para personas Automotor Detalle de tu cobertura: Responsabilidad civil Incendio total o parcial Accidente total o parcial Rapi\u00f1a o hurto total o parcial Accidentes personales Responsabilidad civil Cubre Reclamos que pueda recibir el asegurado por da\u00f1os causados a terceras personas o sus bienes, ya sean producidos por \u00e9l o por quien conduzca su autom\u00f3vil. &hellip; <\/p>\n<p class=\"link-more\"><a href=\"https:\/\/www.sancristobalseguros.com.uy\/institucional\/automotor\/detalle-de-cobertura-seguro-automotor\/\" class=\"more-link\">Segu\u00ed leyendo<span class=\"screen-reader-text\"> &#8220;Detalle de cobertura&#8221;<\/span><\/a><\/p>\n","protected":false},"author":1,"featured_media":0,"parent":45,"menu_order":0,"comment_status":"closed","ping_status":"closed","template":"elementor_header_footer","meta":{"inline_featured_image":false,"footnotes":""},"class_list":["post-689","page","type-page","status-publish","hentry"],"_links":{"self":[{"href":"https:\/\/www.sancristobalseguros.com.uy\/institucional\/wp-json\/wp\/v2\/pages\/689","targetHints":{"allow":["GET"]}}],"collection":[{"href":"https:\/\/www.sancristobalseguros.com.uy\/institucional\/wp-json\/wp\/v2\/pages"}],"about":[{"href":"https:\/\/www.sancristobalseguros.com.uy\/institucional\/wp-json\/wp\/v2\/types\/page"}],"author":[{"embeddable":true,"href":"https:\/\/www.sancristobalseguros.com.uy\/institucional\/wp-json\/wp\/v2\/users\/1"}],"replies":[{"embeddable":true,"href":"https:\/\/www.sancristobalseguros.com.uy\/institucional\/wp-json\/wp\/v2\/comments?post=689"}],"version-history":[{"count":22,"href":"https:\/\/www.sancristobalseguros.com.uy\/institucional\/wp-json\/wp\/v2\/pages\/689\/revisions"}],"predecessor-version":[{"id":1530,"href":"https:\/\/www.sancristobalseguros.com.uy\/institucional\/wp-json\/wp\/v2\/pages\/689\/revisions\/1530"}],"up":[{"embeddable":true,"href":"https:\/\/www.sancristobalseguros.com.uy\/institucional\/wp-json\/wp\/v2\/pages\/45"}],"wp:attachment":[{"href":"https:\/\/www.sancristobalseguros.com.uy\/institucional\/wp-json\/wp\/v2\/media?parent=689"}],"curies":[{"name":"wp","href":"https:\/\/api.w.org\/{rel}","templated":true}]}}