{"id":45,"date":"2019-09-23T10:48:30","date_gmt":"2019-09-23T13:48:30","guid":{"rendered":"https:\/\/devinstitucional.sancristobalseguros.com.uy\/institucional\/?page_id=45"},"modified":"2021-02-05T14:51:54","modified_gmt":"2021-02-05T17:51:54","slug":"automotor","status":"publish","type":"page","link":"https:\/\/www.sancristobalseguros.com.uy\/institucional\/automotor\/","title":{"rendered":"Automotor"},"content":{"rendered":"\t\t<div data-elementor-type=\"wp-page\" data-elementor-id=\"45\" class=\"elementor elementor-45\" data-elementor-post-type=\"page\">\n\t\t\t\t\t\t<section class=\"elementor-section elementor-top-section elementor-element elementor-element-13ea6e73 elementor-section-height-min-height elementor-section-boxed elementor-section-height-default elementor-section-items-middle\" data-id=\"13ea6e73\" data-element_type=\"section\" data-e-type=\"section\" data-settings=\"{&quot;background_background&quot;:&quot;slideshow&quot;,&quot;background_slideshow_gallery&quot;:[{&quot;id&quot;:643,&quot;url&quot;:&quot;http:\\\/\\\/www.sancristobalseguros.com.uy\\\/institucional\\\/wp-content\\\/uploads\\\/2019\\\/10\\\/automotor.jpg&quot;}],&quot;background_slideshow_loop&quot;:&quot;yes&quot;,&quot;background_slideshow_slide_duration&quot;:5000,&quot;background_slideshow_slide_transition&quot;:&quot;fade&quot;,&quot;background_slideshow_transition_duration&quot;:500}\">\n\t\t\t\t\t\t<div class=\"elementor-container elementor-column-gap-default\">\n\t\t\t\t\t<div class=\"elementor-column elementor-col-100 elementor-top-column elementor-element elementor-element-40865779\" data-id=\"40865779\" data-element_type=\"column\" data-e-type=\"column\">\n\t\t\t<div class=\"elementor-widget-wrap elementor-element-populated\">\n\t\t\t\t\t\t<div class=\"elementor-element elementor-element-4b4cde1f elementor-widget elementor-widget-heading\" data-id=\"4b4cde1f\" data-element_type=\"widget\" data-e-type=\"widget\" data-widget_type=\"heading.default\">\n\t\t\t\t<div class=\"elementor-widget-container\">\n\t\t\t\t\t<h4 class=\"elementor-heading-title elementor-size-default\">Seguros para personas<\/h4>\t\t\t\t<\/div>\n\t\t\t\t<\/div>\n\t\t\t\t<div class=\"elementor-element elementor-element-63892559 elementor-widget elementor-widget-heading\" data-id=\"63892559\" data-element_type=\"widget\" data-e-type=\"widget\" data-widget_type=\"heading.default\">\n\t\t\t\t<div class=\"elementor-widget-container\">\n\t\t\t\t\t<h1 class=\"elementor-heading-title elementor-size-default\">Automotor<\/h1>\t\t\t\t<\/div>\n\t\t\t\t<\/div>\n\t\t\t\t\t<\/div>\n\t\t<\/div>\n\t\t\t\t\t<\/div>\n\t\t<\/section>\n\t\t\t\t<section class=\"elementor-section elementor-top-section elementor-element elementor-element-1537b8d4 elementor-section-boxed elementor-section-height-default elementor-section-height-default\" data-id=\"1537b8d4\" data-element_type=\"section\" data-e-type=\"section\">\n\t\t\t\t\t\t<div class=\"elementor-container elementor-column-gap-default\">\n\t\t\t\t\t<div class=\"elementor-column elementor-col-100 elementor-top-column elementor-element elementor-element-435e92d4\" data-id=\"435e92d4\" data-element_type=\"column\" data-e-type=\"column\">\n\t\t\t<div class=\"elementor-widget-wrap\">\n\t\t\t\t\t\t\t<\/div>\n\t\t<\/div>\n\t\t\t\t\t<\/div>\n\t\t<\/section>\n\t\t\t\t<section class=\"elementor-section elementor-top-section elementor-element elementor-element-8957100 elementor-section-boxed elementor-section-height-default elementor-section-height-default\" data-id=\"8957100\" data-element_type=\"section\" data-e-type=\"section\">\n\t\t\t\t\t\t<div class=\"elementor-container elementor-column-gap-default\">\n\t\t\t\t\t<div class=\"elementor-column elementor-col-100 elementor-top-column elementor-element elementor-element-cae67e7\" data-id=\"cae67e7\" data-element_type=\"column\" data-e-type=\"column\">\n\t\t\t<div class=\"elementor-widget-wrap elementor-element-populated\">\n\t\t\t\t\t\t<div class=\"elementor-element elementor-element-dfd00d3 elementor-widget elementor-widget-text-editor\" data-id=\"dfd00d3\" data-element_type=\"widget\" data-e-type=\"widget\" data-widget_type=\"text-editor.default\">\n\t\t\t\t<div class=\"elementor-widget-container\">\n\t\t\t\t\t\t\t\t\t<p>Nuestro seguro automotor es la mejor forma de sentirse cubierto ante cualquier contingencia.<\/p><p>\u00a0<\/p><p>Le presentamos las tres mejores variantes que combinan el seguro obligatorio de responsabilidad civil con la m\u00e1s amplia gama de coberturas.<\/p>\t\t\t\t\t\t\t\t<\/div>\n\t\t\t\t<\/div>\n\t\t\t\t\t<\/div>\n\t\t<\/div>\n\t\t\t\t\t<\/div>\n\t\t<\/section>\n\t\t\t\t<section class=\"elementor-section elementor-top-section elementor-element elementor-element-ed292da elementor-section-boxed elementor-section-height-default elementor-section-height-default\" data-id=\"ed292da\" data-element_type=\"section\" data-e-type=\"section\">\n\t\t\t\t\t\t<div class=\"elementor-container elementor-column-gap-default\">\n\t\t\t\t\t<div class=\"elementor-column elementor-col-100 elementor-top-column elementor-element elementor-element-8f7c230\" data-id=\"8f7c230\" data-element_type=\"column\" data-e-type=\"column\">\n\t\t\t<div class=\"elementor-widget-wrap elementor-element-populated\">\n\t\t\t\t\t\t<div class=\"elementor-element elementor-element-23cda68 elementor-tabs-view-horizontal elementor-widget elementor-widget-tabs\" data-id=\"23cda68\" data-element_type=\"widget\" data-e-type=\"widget\" data-widget_type=\"tabs.default\">\n\t\t\t\t<div class=\"elementor-widget-container\">\n\t\t\t\t\t\t\t<div class=\"elementor-tabs\">\n\t\t\t<div class=\"elementor-tabs-wrapper\" role=\"tablist\" >\n\t\t\t\t\t\t\t\t\t<div id=\"elementor-tab-title-3751\" class=\"elementor-tab-title elementor-tab-desktop-title\" aria-selected=\"true\" data-tab=\"1\" role=\"tab\" tabindex=\"0\" aria-controls=\"elementor-tab-content-3751\" aria-expanded=\"false\">Terceros<\/div>\n\t\t\t\t\t\t\t\t\t<div id=\"elementor-tab-title-3752\" class=\"elementor-tab-title elementor-tab-desktop-title\" aria-selected=\"false\" data-tab=\"2\" role=\"tab\" tabindex=\"-1\" aria-controls=\"elementor-tab-content-3752\" aria-expanded=\"false\">Terceros Robo e Incendio<\/div>\n\t\t\t\t\t\t\t\t\t<div id=\"elementor-tab-title-3753\" class=\"elementor-tab-title elementor-tab-desktop-title\" aria-selected=\"false\" data-tab=\"3\" role=\"tab\" tabindex=\"-1\" aria-controls=\"elementor-tab-content-3753\" aria-expanded=\"false\">Todo Riesgo<\/div>\n\t\t\t\t\t\t\t<\/div>\n\t\t\t<div class=\"elementor-tabs-content-wrapper\" role=\"tablist\" aria-orientation=\"vertical\">\n\t\t\t\t\t\t\t\t\t<div class=\"elementor-tab-title elementor-tab-mobile-title\" aria-selected=\"true\" data-tab=\"1\" role=\"tab\" tabindex=\"0\" aria-controls=\"elementor-tab-content-3751\" aria-expanded=\"false\">Terceros<\/div>\n\t\t\t\t\t<div id=\"elementor-tab-content-3751\" class=\"elementor-tab-content elementor-clearfix\" data-tab=\"1\" role=\"tabpanel\" aria-labelledby=\"elementor-tab-title-3751\" tabindex=\"0\" hidden=\"false\"><p>Respaldo integral por Responsabilidades hacia terceros, sin Subl\u00edmites.<\/p><p>Estas son sus principales coberturas:<\/p><ul><li><strong>Responsabilidad Civil<\/strong><br \/>Cobertura a Terceros transportados o no y da\u00f1os materiales hasta U$S 500.000<\/li><li><strong>Asistencia al Veh\u00edculo<\/strong> <br \/>Asistencia al veh\u00edculo limitado a veh\u00edculos con capacidad de carga de 2.500 kg, de uso Particular. <br \/>Incluyendo traslados por aver\u00eda\u00a0sin cargo en territorio Uruguayo (sin l\u00edmite de kilometraje) y 300 km en el exterior.<\/li><li><strong>Protecci\u00f3n al Conductor y Familiares<\/strong><br \/>En caso de accidente con el veh\u00edculo asegurado, el conductor o sus familiares reciben una indemnizaci\u00f3n por U$S 5.000 por evento.<\/li><li><strong>Adicional Cobertura RC para Remolques<\/strong><br \/>Tr\u00e1iler hasta 500 kg. De carga, sin costo adicional<\/li><\/ul><\/div>\n\t\t\t\t\t\t\t\t\t<div class=\"elementor-tab-title elementor-tab-mobile-title\" aria-selected=\"false\" data-tab=\"2\" role=\"tab\" tabindex=\"-1\" aria-controls=\"elementor-tab-content-3752\" aria-expanded=\"false\">Terceros Robo e Incendio<\/div>\n\t\t\t\t\t<div id=\"elementor-tab-content-3752\" class=\"elementor-tab-content elementor-clearfix\" data-tab=\"2\" role=\"tabpanel\" aria-labelledby=\"elementor-tab-title-3752\" tabindex=\"0\" hidden=\"hidden\"><p>Protecci\u00f3n para eventos de alto impacto.<\/p><p>Estas son sus principales coberturas:<\/p><ul><li><strong>Robo e Incendio Total y parcial<\/strong><\/li><li><strong>Responsabilidad Civil<\/strong><br \/>Cobertura a Terceros transportados o no y da\u00f1os materiales hasta U$S 500.000<\/li><li><strong>Asistencia al Veh\u00edculo<\/strong> <br \/>Asistencia al veh\u00edculo limitado a veh\u00edculos con capacidad de carga de 2.500 kg, de uso Particular.<br \/>Incluyendo traslados por aver\u00eda sin cargo en territorio Uruguayo (sin l\u00edmite de kilometraje) y 300 km en el exterior.<\/li><li><strong>Protecci\u00f3n al Conductor y Familiares<\/strong><br \/>En caso de accidente con el veh\u00edculo asegurado, el conductor o sus familiares reciben una indemnizaci\u00f3n por U$S 10.000 por evento.<\/li><li><strong>Adicional Cobertura RC para Remolques<\/strong><br \/>Tr\u00e1iler hasta 500 kg. De carga, sin costo adicional<\/li><\/ul><\/div>\n\t\t\t\t\t\t\t\t\t<div class=\"elementor-tab-title elementor-tab-mobile-title\" aria-selected=\"false\" data-tab=\"3\" role=\"tab\" tabindex=\"-1\" aria-controls=\"elementor-tab-content-3753\" aria-expanded=\"false\">Todo Riesgo<\/div>\n\t\t\t\t\t<div id=\"elementor-tab-content-3753\" class=\"elementor-tab-content elementor-clearfix\" data-tab=\"3\" role=\"tabpanel\" aria-labelledby=\"elementor-tab-title-3753\" tabindex=\"0\" hidden=\"hidden\"><p>Tranquilidad \u00edntegra, \u00e1gil, pr\u00e1ctica y efectiva para la protecci\u00f3n de su patrimonio.<\/p>\n<p>Estas son sus principales coberturas:<\/p>\n<ul>\n<li><strong>Robo e Incendio Total y parcial<\/strong><\/li>\n<li><strong>Accidente Total y Parcial<\/strong><\/li>\n<li><strong>Responsabilidad Civil<\/strong><br>Cobertura a Terceros transportados o no y da\u00f1os materiales hasta U$S 500.000<\/li>\n<li><strong>Asistencia al Veh\u00edculo<\/strong> <br>Asistencia al veh\u00edculo limitado a veh\u00edculos con capacidad de carga de 2.500 kg, de uso Particular.<br>Incluyendo traslados por aver\u00eda sin cargo en territorio Uruguayo (sin l\u00edmite de kilometraje) y 300 km en el exterior.<\/li>\n<li><strong>Protecci\u00f3n al Conductor y Familiares<\/strong><br>En caso de accidente con el veh\u00edculo asegurado, el conductor o sus familiares reciben una indemnizaci\u00f3n por U$S 10.000 por evento.<\/li>\n<li><strong>Efectivo San Crist\u00f3bal<\/strong><br>El Asegurado a su opci\u00f3n podr\u00e1 elegir, reparar su unidad siniestrada o recibir la indemnizaci\u00f3n en Efectivo por el da\u00f1o percibido<\/li>\n<li><strong>Adicional Cobertura RC para Remolques<\/strong><br>Tr\u00e1iler hasta 500 kg. De carga, sin costo adicional<\/li>\n<li><strong>Adicional Cobertura de Cristales<\/strong><br>En caso de Rotura de Cristales, el asegurado cuenta con una cobertura hasta U$S 150 IVA incluidos*\n<br><br><p><span style=\"font-size: 1rem;\">*Esta cobertura aplica solo para autos que circulen en \u201cZona 2\u201d (contacte a su corredor de seguros para m\u00e1s informaci\u00f3n).<\/span><\/p>\n<\/li>\n<\/ul><\/div>\n\t\t\t\t\t\t\t<\/div>\n\t\t<\/div>\n\t\t\t\t\t\t<\/div>\n\t\t\t\t<\/div>\n\t\t\t\t\t<\/div>\n\t\t<\/div>\n\t\t\t\t\t<\/div>\n\t\t<\/section>\n\t\t\t\t<section class=\"elementor-section elementor-top-section elementor-element elementor-element-76676c7 elementor-section-boxed elementor-section-height-default elementor-section-height-default\" data-id=\"76676c7\" data-element_type=\"section\" data-e-type=\"section\">\n\t\t\t\t\t\t<div class=\"elementor-container elementor-column-gap-default\">\n\t\t\t\t\t<div class=\"elementor-column elementor-col-100 elementor-top-column elementor-element elementor-element-e101311\" data-id=\"e101311\" data-element_type=\"column\" data-e-type=\"column\">\n\t\t\t<div class=\"elementor-widget-wrap elementor-element-populated\">\n\t\t\t\t\t\t<div class=\"elementor-element elementor-element-611864a elementor-widget elementor-widget-heading\" data-id=\"611864a\" data-element_type=\"widget\" data-e-type=\"widget\" data-widget_type=\"heading.default\">\n\t\t\t\t<div class=\"elementor-widget-container\">\n\t\t\t\t\t<h4 class=\"elementor-heading-title elementor-size-default\"><a href=\"https:\/\/www.sancristobalseguros.com.uy\/institucional\/compara-todas-nuestras-coberturas-para-tu-vehiculo\/\">&gt;&gt; Compar\u00e1 todas nuestras coberturas para tu veh\u00edculo<\/a><\/h4>\t\t\t\t<\/div>\n\t\t\t\t<\/div>\n\t\t\t\t<div class=\"elementor-element elementor-element-92e76eb elementor-widget elementor-widget-heading\" data-id=\"92e76eb\" data-element_type=\"widget\" data-e-type=\"widget\" data-widget_type=\"heading.default\">\n\t\t\t\t<div class=\"elementor-widget-container\">\n\t\t\t\t\t<h4 class=\"elementor-heading-title elementor-size-default\"><a href=\"https:\/\/www.sancristobalseguros.com.uy\/institucional\/automotor\/detalle-de-cobertura-seguro-automotor\/\">&gt;&gt; Conoc\u00e9 en detalle tu cobertura<\/a><\/h4>\t\t\t\t<\/div>\n\t\t\t\t<\/div>\n\t\t\t\t<div class=\"elementor-element elementor-element-9f84ad4 elementor-widget elementor-widget-heading\" data-id=\"9f84ad4\" data-element_type=\"widget\" data-e-type=\"widget\" data-widget_type=\"heading.default\">\n\t\t\t\t<div class=\"elementor-widget-container\">\n\t\t\t\t\t<h4 class=\"elementor-heading-title elementor-size-default\"><a href=\"\/preguntas-frecuentes\/#automotor\">&gt;&gt; Preguntas frecuentes<\/a><\/h4>\t\t\t\t<\/div>\n\t\t\t\t<\/div>\n\t\t\t\t<div class=\"elementor-element elementor-element-35d34e6 elementor-widget elementor-widget-heading\" data-id=\"35d34e6\" data-element_type=\"widget\" data-e-type=\"widget\" data-widget_type=\"heading.default\">\n\t\t\t\t<div class=\"elementor-widget-container\">\n\t\t\t\t\t<h4 class=\"elementor-heading-title elementor-size-default\"><a href=\"https:\/\/www.sancristobalseguros.com.uy\/institucional\/automotor\/servicios-al-asegurado\/\">&gt;&gt; Asistencia 24: Asistencia mec\u00e1nica<\/a><\/h4>\t\t\t\t<\/div>\n\t\t\t\t<\/div>\n\t\t\t\t\t<\/div>\n\t\t<\/div>\n\t\t\t\t\t<\/div>\n\t\t<\/section>\n\t\t\t\t<section class=\"elementor-section elementor-top-section elementor-element elementor-element-5ab9c5e9 elementor-section-height-min-height elementor-section-boxed elementor-section-height-default elementor-section-items-middle\" data-id=\"5ab9c5e9\" data-element_type=\"section\" data-e-type=\"section\" data-settings=\"{&quot;background_background&quot;:&quot;gradient&quot;}\">\n\t\t\t\t\t\t<div class=\"elementor-container elementor-column-gap-wider\">\n\t\t\t\t\t<div class=\"elementor-column elementor-col-100 elementor-top-column elementor-element elementor-element-41edeb98\" data-id=\"41edeb98\" data-element_type=\"column\" data-e-type=\"column\">\n\t\t\t<div class=\"elementor-widget-wrap elementor-element-populated\">\n\t\t\t\t\t\t<div class=\"elementor-element elementor-element-1ef57d98 elementor-widget elementor-widget-heading\" data-id=\"1ef57d98\" data-element_type=\"widget\" data-e-type=\"widget\" data-widget_type=\"heading.default\">\n\t\t\t\t<div class=\"elementor-widget-container\">\n\t\t\t\t\t<h3 class=\"elementor-heading-title elementor-size-default\">\u00bfCu\u00e1l es la cobertura m\u00e1s adecuada para m\u00ed?<\/h3>\t\t\t\t<\/div>\n\t\t\t\t<\/div>\n\t\t\t\t<div class=\"elementor-element elementor-element-3e1facf6 elementor-widget elementor-widget-heading\" data-id=\"3e1facf6\" data-element_type=\"widget\" data-e-type=\"widget\" data-widget_type=\"heading.default\">\n\t\t\t\t<div class=\"elementor-widget-container\">\n\t\t\t\t\t<h4 class=\"elementor-heading-title elementor-size-default\">Un corredor asesor puede brindarte toda la informaci\u00f3n necesaria para que puedas contratar con<br>seguridad este producto o el que mejor se adapte a tus necesidades.<\/h4>\t\t\t\t<\/div>\n\t\t\t\t<\/div>\n\t\t\t\t\t<\/div>\n\t\t<\/div>\n\t\t\t\t\t<\/div>\n\t\t<\/section>\n\t\t\t\t<\/div>\n\t\t","protected":false},"excerpt":{"rendered":"<p>Seguros para personas Automotor Nuestro seguro automotor es la mejor forma de sentirse cubierto ante cualquier contingencia. \u00a0 Le presentamos las tres mejores variantes que combinan el seguro obligatorio de responsabilidad civil con la m\u00e1s amplia gama de coberturas. Terceros Terceros Robo e Incendio Todo Riesgo Terceros Respaldo integral por Responsabilidades hacia terceros, sin Subl\u00edmites. &hellip; <\/p>\n<p class=\"link-more\"><a href=\"https:\/\/www.sancristobalseguros.com.uy\/institucional\/automotor\/\" class=\"more-link\">Segu\u00ed leyendo<span class=\"screen-reader-text\"> &#8220;Automotor&#8221;<\/span><\/a><\/p>\n","protected":false},"author":1,"featured_media":0,"parent":0,"menu_order":0,"comment_status":"closed","ping_status":"closed","template":"elementor_header_footer","meta":{"inline_featured_image":false,"footnotes":""},"class_list":["post-45","page","type-page","status-publish","hentry"],"_links":{"self":[{"href":"https:\/\/www.sancristobalseguros.com.uy\/institucional\/wp-json\/wp\/v2\/pages\/45","targetHints":{"allow":["GET"]}}],"collection":[{"href":"https:\/\/www.sancristobalseguros.com.uy\/institucional\/wp-json\/wp\/v2\/pages"}],"about":[{"href":"https:\/\/www.sancristobalseguros.com.uy\/institucional\/wp-json\/wp\/v2\/types\/page"}],"author":[{"embeddable":true,"href":"https:\/\/www.sancristobalseguros.com.uy\/institucional\/wp-json\/wp\/v2\/users\/1"}],"replies":[{"embeddable":true,"href":"https:\/\/www.sancristobalseguros.com.uy\/institucional\/wp-json\/wp\/v2\/comments?post=45"}],"version-history":[{"count":47,"href":"https:\/\/www.sancristobalseguros.com.uy\/institucional\/wp-json\/wp\/v2\/pages\/45\/revisions"}],"predecessor-version":[{"id":1285,"href":"https:\/\/www.sancristobalseguros.com.uy\/institucional\/wp-json\/wp\/v2\/pages\/45\/revisions\/1285"}],"wp:attachment":[{"href":"https:\/\/www.sancristobalseguros.com.uy\/institucional\/wp-json\/wp\/v2\/media?parent=45"}],"curies":[{"name":"wp","href":"https:\/\/api.w.org\/{rel}","templated":true}]}}