{"id":268,"date":"2019-09-30T15:07:22","date_gmt":"2019-09-30T18:07:22","guid":{"rendered":"https:\/\/devinstitucional.sancristobalseguros.com.uy\/institucional\/?page_id=268"},"modified":"2020-04-14T11:33:41","modified_gmt":"2020-04-14T14:33:41","slug":"servicios-al-asegurado","status":"publish","type":"page","link":"https:\/\/www.sancristobalseguros.com.uy\/institucional\/automotor\/servicios-al-asegurado\/","title":{"rendered":"Servicios al asegurado"},"content":{"rendered":"\t\t<div data-elementor-type=\"wp-page\" data-elementor-id=\"268\" class=\"elementor elementor-268\" data-elementor-post-type=\"page\">\n\t\t\t\t\t\t<section class=\"elementor-section elementor-top-section elementor-element elementor-element-21774279 elementor-section-height-min-height elementor-section-boxed elementor-section-height-default elementor-section-items-middle\" data-id=\"21774279\" data-element_type=\"section\" data-e-type=\"section\" data-settings=\"{&quot;background_background&quot;:&quot;slideshow&quot;,&quot;background_slideshow_gallery&quot;:[{&quot;id&quot;:310,&quot;url&quot;:&quot;http:\\\/\\\/www.sancristobalseguros.com.uy\\\/institucional\\\/wp-content\\\/uploads\\\/2019\\\/10\\\/25-0-SC-LaEmpresa1.jpg&quot;}],&quot;background_slideshow_loop&quot;:&quot;yes&quot;,&quot;background_slideshow_slide_duration&quot;:5000,&quot;background_slideshow_slide_transition&quot;:&quot;fade&quot;,&quot;background_slideshow_transition_duration&quot;:500}\">\n\t\t\t\t\t\t<div class=\"elementor-container elementor-column-gap-default\">\n\t\t\t\t\t<div class=\"elementor-column elementor-col-100 elementor-top-column elementor-element elementor-element-1f981dad\" data-id=\"1f981dad\" data-element_type=\"column\" data-e-type=\"column\">\n\t\t\t<div class=\"elementor-widget-wrap elementor-element-populated\">\n\t\t\t\t\t\t<div class=\"elementor-element elementor-element-2e0b6ad9 elementor-widget elementor-widget-heading\" data-id=\"2e0b6ad9\" data-element_type=\"widget\" data-e-type=\"widget\" data-widget_type=\"heading.default\">\n\t\t\t\t<div class=\"elementor-widget-container\">\n\t\t\t\t\t<h4 class=\"elementor-heading-title elementor-size-default\">Asistencia 24<\/h4>\t\t\t\t<\/div>\n\t\t\t\t<\/div>\n\t\t\t\t<div class=\"elementor-element elementor-element-6dbc8d9 elementor-widget elementor-widget-heading\" data-id=\"6dbc8d9\" data-element_type=\"widget\" data-e-type=\"widget\" data-widget_type=\"heading.default\">\n\t\t\t\t<div class=\"elementor-widget-container\">\n\t\t\t\t\t<h1 class=\"elementor-heading-title elementor-size-default\">Asistencia mec\u00e1nica<\/h1>\t\t\t\t<\/div>\n\t\t\t\t<\/div>\n\t\t\t\t\t<\/div>\n\t\t<\/div>\n\t\t\t\t\t<\/div>\n\t\t<\/section>\n\t\t\t\t<section class=\"elementor-section elementor-top-section elementor-element elementor-element-4de50484 elementor-section-boxed elementor-section-height-default elementor-section-height-default\" data-id=\"4de50484\" data-element_type=\"section\" data-e-type=\"section\">\n\t\t\t\t\t\t<div class=\"elementor-container elementor-column-gap-default\">\n\t\t\t\t\t<div class=\"elementor-column elementor-col-100 elementor-top-column elementor-element elementor-element-483fdbd3\" data-id=\"483fdbd3\" data-element_type=\"column\" data-e-type=\"column\">\n\t\t\t<div class=\"elementor-widget-wrap elementor-element-populated\">\n\t\t\t\t\t\t<div class=\"elementor-element elementor-element-74a57b66 elementor-widget elementor-widget-ee-breadcrumbs\" data-id=\"74a57b66\" data-element_type=\"widget\" data-e-type=\"widget\" data-widget_type=\"ee-breadcrumbs.default\">\n\t\t\t\t<div class=\"elementor-widget-container\">\n\t\t\t\t\t<ul class=\"ee-breadcrumbs\" itemscope=\"\" itemtype=\"http:\/\/schema.org\/BreadcrumbList\"><\/ul>\t\t\t\t<\/div>\n\t\t\t\t<\/div>\n\t\t\t\t\t<\/div>\n\t\t<\/div>\n\t\t\t\t\t<\/div>\n\t\t<\/section>\n\t\t\t\t<section class=\"elementor-section elementor-top-section elementor-element elementor-element-3655841e elementor-section-height-min-height elementor-section-boxed elementor-section-height-default elementor-section-items-middle\" data-id=\"3655841e\" data-element_type=\"section\" data-e-type=\"section\" data-settings=\"{&quot;background_background&quot;:&quot;gradient&quot;}\">\n\t\t\t\t\t\t<div class=\"elementor-container elementor-column-gap-wider\">\n\t\t\t\t\t<div class=\"elementor-column elementor-col-100 elementor-top-column elementor-element elementor-element-2d9c714d\" data-id=\"2d9c714d\" data-element_type=\"column\" data-e-type=\"column\">\n\t\t\t<div class=\"elementor-widget-wrap elementor-element-populated\">\n\t\t\t\t\t\t<div class=\"elementor-element elementor-element-1dc7e83 elementor-widget elementor-widget-heading\" data-id=\"1dc7e83\" data-element_type=\"widget\" data-e-type=\"widget\" data-widget_type=\"heading.default\">\n\t\t\t\t<div class=\"elementor-widget-container\">\n\t\t\t\t\t<h3 class=\"elementor-heading-title elementor-size-default\">Solicit\u00e1 asistencia mec\u00e1nica las 24 hs.<\/h3>\t\t\t\t<\/div>\n\t\t\t\t<\/div>\n\t\t\t\t<section class=\"elementor-section elementor-inner-section elementor-element elementor-element-2d952be elementor-section-boxed elementor-section-height-default elementor-section-height-default\" data-id=\"2d952be\" data-element_type=\"section\" data-e-type=\"section\">\n\t\t\t\t\t\t<div class=\"elementor-container elementor-column-gap-default\">\n\t\t\t\t\t<div class=\"elementor-column elementor-col-50 elementor-inner-column elementor-element elementor-element-001998a elementor-hidden-tablet elementor-hidden-phone\" data-id=\"001998a\" data-element_type=\"column\" data-e-type=\"column\">\n\t\t\t<div class=\"elementor-widget-wrap elementor-element-populated\">\n\t\t\t\t\t\t<div class=\"elementor-element elementor-element-781edc4 elementor-hidden-phone elementor-widget elementor-widget-ee-inline-svg\" data-id=\"781edc4\" data-element_type=\"widget\" data-e-type=\"widget\" data-settings=\"{&quot;svg&quot;:{&quot;url&quot;:&quot;http:\\\/\\\/www.sancristobalseguros.com.uy\\\/institucional\\\/wp-content\\\/uploads\\\/2019\\\/09\\\/icon-grua.svg&quot;,&quot;id&quot;:121,&quot;size&quot;:&quot;&quot;},&quot;override_colors&quot;:&quot;yes&quot;,&quot;link&quot;:{&quot;url&quot;:&quot;&quot;,&quot;is_external&quot;:&quot;&quot;,&quot;nofollow&quot;:&quot;&quot;,&quot;custom_attributes&quot;:&quot;&quot;},&quot;maintain_ratio&quot;:&quot;yes&quot;,&quot;remove_inline_css&quot;:&quot;yes&quot;}\" data-widget_type=\"ee-inline-svg.default\">\n\t\t\t\t<div class=\"elementor-widget-container\">\n\t\t\t\t\t<div class=\"ee-inline-svg-wrapper\">\n\t\t\t<div class=\"ee-inline-svg\" data-url=\"http:\/\/www.sancristobalseguros.com.uy\/institucional\/wp-content\/uploads\/2019\/09\/icon-grua.svg\"><\/div>\n\t\t<\/div>\t\t\t\t<\/div>\n\t\t\t\t<\/div>\n\t\t\t\t\t<\/div>\n\t\t<\/div>\n\t\t\t\t<div class=\"elementor-column elementor-col-50 elementor-inner-column elementor-element elementor-element-8178015\" data-id=\"8178015\" data-element_type=\"column\" data-e-type=\"column\">\n\t\t\t<div class=\"elementor-widget-wrap elementor-element-populated\">\n\t\t\t\t\t\t<div class=\"elementor-element elementor-element-b83bac1 elementor-widget elementor-widget-heading\" data-id=\"b83bac1\" data-element_type=\"widget\" data-e-type=\"widget\" data-widget_type=\"heading.default\">\n\t\t\t\t<div class=\"elementor-widget-container\">\n\t\t\t\t\t<h2 class=\"elementor-heading-title elementor-size-default\"><a href=\"tel:08008831\">0800 8831\u200b<\/a><\/h2>\t\t\t\t<\/div>\n\t\t\t\t<\/div>\n\t\t\t\t\t<\/div>\n\t\t<\/div>\n\t\t\t\t\t<\/div>\n\t\t<\/section>\n\t\t\t\t\t<\/div>\n\t\t<\/div>\n\t\t\t\t\t<\/div>\n\t\t<\/section>\n\t\t\t\t<section class=\"elementor-section elementor-top-section elementor-element elementor-element-d3601bc elementor-section-boxed elementor-section-height-default elementor-section-height-default\" data-id=\"d3601bc\" data-element_type=\"section\" data-e-type=\"section\">\n\t\t\t\t\t\t<div class=\"elementor-container elementor-column-gap-default\">\n\t\t\t\t\t<div class=\"elementor-column elementor-col-100 elementor-top-column elementor-element elementor-element-1b553c1\" data-id=\"1b553c1\" data-element_type=\"column\" data-e-type=\"column\">\n\t\t\t<div class=\"elementor-widget-wrap elementor-element-populated\">\n\t\t\t\t\t\t<div class=\"elementor-element elementor-element-e238845 elementor-widget elementor-widget-text-editor\" data-id=\"e238845\" data-element_type=\"widget\" data-e-type=\"widget\" data-widget_type=\"text-editor.default\">\n\t\t\t\t<div class=\"elementor-widget-container\">\n\t\t\t\t\t\t\t\t\t<p>Tanto su veh\u00edculo como las personas que viajan en \u00e9l gozan todos los d\u00edas del a\u00f1o, sin costo alguno, y desde cualquier punto de nuestro pa\u00eds o del Mercosur y Chile, de los servicios adicionales de <strong>Asistencia 24<\/strong>.<\/p>\t\t\t\t\t\t\t\t<\/div>\n\t\t\t\t<\/div>\n\t\t\t\t\t<\/div>\n\t\t<\/div>\n\t\t\t\t\t<\/div>\n\t\t<\/section>\n\t\t\t\t<section class=\"elementor-section elementor-top-section elementor-element elementor-element-0946fa7 elementor-section-boxed elementor-section-height-default elementor-section-height-default\" data-id=\"0946fa7\" data-element_type=\"section\" data-e-type=\"section\">\n\t\t\t\t\t\t<div class=\"elementor-container elementor-column-gap-default\">\n\t\t\t\t\t<div class=\"elementor-column elementor-col-100 elementor-top-column elementor-element elementor-element-1ac24ed\" data-id=\"1ac24ed\" data-element_type=\"column\" data-e-type=\"column\">\n\t\t\t<div class=\"elementor-widget-wrap elementor-element-populated\">\n\t\t\t\t\t\t<div class=\"elementor-element elementor-element-fe356dd elementor-tabs-view-horizontal elementor-widget elementor-widget-tabs\" data-id=\"fe356dd\" data-element_type=\"widget\" data-e-type=\"widget\" data-widget_type=\"tabs.default\">\n\t\t\t\t<div class=\"elementor-widget-container\">\n\t\t\t\t\t\t\t<div class=\"elementor-tabs\">\n\t\t\t<div class=\"elementor-tabs-wrapper\" role=\"tablist\" >\n\t\t\t\t\t\t\t\t\t<div id=\"elementor-tab-title-2661\" class=\"elementor-tab-title elementor-tab-desktop-title\" aria-selected=\"true\" data-tab=\"1\" role=\"tab\" tabindex=\"0\" aria-controls=\"elementor-tab-content-2661\" aria-expanded=\"false\">Servicios para el veh\u00edculo<\/div>\n\t\t\t\t\t\t\t\t\t<div id=\"elementor-tab-title-2662\" class=\"elementor-tab-title elementor-tab-desktop-title\" aria-selected=\"false\" data-tab=\"2\" role=\"tab\" tabindex=\"-1\" aria-controls=\"elementor-tab-content-2662\" aria-expanded=\"false\">Servicios para personas<\/div>\n\t\t\t\t\t\t\t\t\t<div id=\"elementor-tab-title-2663\" class=\"elementor-tab-title elementor-tab-desktop-title\" aria-selected=\"false\" data-tab=\"3\" role=\"tab\" tabindex=\"-1\" aria-controls=\"elementor-tab-content-2663\" aria-expanded=\"false\">Asistencia al viajero<\/div>\n\t\t\t\t\t\t\t<\/div>\n\t\t\t<div class=\"elementor-tabs-content-wrapper\" role=\"tablist\" aria-orientation=\"vertical\">\n\t\t\t\t\t\t\t\t\t<div class=\"elementor-tab-title elementor-tab-mobile-title\" aria-selected=\"true\" data-tab=\"1\" role=\"tab\" tabindex=\"0\" aria-controls=\"elementor-tab-content-2661\" aria-expanded=\"false\">Servicios para el veh\u00edculo<\/div>\n\t\t\t\t\t<div id=\"elementor-tab-content-2661\" class=\"elementor-tab-content elementor-clearfix\" data-tab=\"1\" role=\"tabpanel\" aria-labelledby=\"elementor-tab-title-2661\" tabindex=\"0\" hidden=\"false\"><ul><li>Mec\u00e1nica ligera.<\/li><li>Remolque sin l\u00edmite de kilometraje en Uruguay y 300 km en el exterior.<\/li><li>Localizaci\u00f3n y env\u00edo de repuestos.<\/li><li>Aprovisionamiento de combustible y\/o lubricantes.<\/li><li>Asistencia para el cambio de neum\u00e1ticos.<\/li><li>Dep\u00f3sito\/custodia del veh\u00edculo asegurado.<\/li><li>Extracciones.<\/li><\/ul><\/div>\n\t\t\t\t\t\t\t\t\t<div class=\"elementor-tab-title elementor-tab-mobile-title\" aria-selected=\"false\" data-tab=\"2\" role=\"tab\" tabindex=\"-1\" aria-controls=\"elementor-tab-content-2662\" aria-expanded=\"false\">Servicios para personas<\/div>\n\t\t\t\t\t<div id=\"elementor-tab-content-2662\" class=\"elementor-tab-content elementor-clearfix\" data-tab=\"2\" role=\"tabpanel\" aria-labelledby=\"elementor-tab-title-2662\" tabindex=\"0\" hidden=\"hidden\"><ul><li>Traslado para ocupantes del veh\u00edculo remolcado.<\/li><li>Asesoramiento en caso de accidente.<\/li><li>Transmisi\u00f3n de mensajes urgentes.<\/li><li>L\u00ednea de informaci\u00f3n, las 24 hs.<\/li><li>Asistencia legal en caso de accidente.<\/li><li>Desplazamiento de los ocupantes del veh\u00edculo.<\/li><li>Estad\u00eda en hotel.<\/li><li>Servicio de conductor profesional.<\/li><\/ul><\/div>\n\t\t\t\t\t\t\t\t\t<div class=\"elementor-tab-title elementor-tab-mobile-title\" aria-selected=\"false\" data-tab=\"3\" role=\"tab\" tabindex=\"-1\" aria-controls=\"elementor-tab-content-2663\" aria-expanded=\"false\">Asistencia al viajero<\/div>\n\t\t\t\t\t<div id=\"elementor-tab-content-2663\" class=\"elementor-tab-content elementor-clearfix\" data-tab=\"3\" role=\"tabpanel\" aria-labelledby=\"elementor-tab-title-2663\" tabindex=\"0\" hidden=\"hidden\"><ul><li>Servicio de asistencia m\u00e9dica al asegurado en viajes a Argentina y Brasil.<\/li><li>Servicio de odontolog\u00eda de urgencia.<\/li><li>Medicamentos.<\/li><li>Traslado de acompa\u00f1antes por repatriaci\u00f3n sanitaria de un beneficiario.<\/li><li>Traslado del beneficiario acompa\u00f1ante menor de 15 a\u00f1os.<\/li><li>Gastos de traslado por fallecimiento.<\/li><\/ul><\/div>\n\t\t\t\t\t\t\t<\/div>\n\t\t<\/div>\n\t\t\t\t\t\t<\/div>\n\t\t\t\t<\/div>\n\t\t\t\t\t<\/div>\n\t\t<\/div>\n\t\t\t\t\t<\/div>\n\t\t<\/section>\n\t\t\t\t<section class=\"elementor-section elementor-top-section elementor-element elementor-element-397dc55 elementor-section-boxed elementor-section-height-default elementor-section-height-default\" data-id=\"397dc55\" data-element_type=\"section\" data-e-type=\"section\">\n\t\t\t\t\t\t<div class=\"elementor-container elementor-column-gap-default\">\n\t\t\t\t\t<div class=\"elementor-column elementor-col-100 elementor-top-column elementor-element elementor-element-17d6007\" data-id=\"17d6007\" data-element_type=\"column\" data-e-type=\"column\">\n\t\t\t<div class=\"elementor-widget-wrap elementor-element-populated\">\n\t\t\t\t\t\t<div class=\"elementor-element elementor-element-d4d477f elementor-widget elementor-widget-text-editor\" data-id=\"d4d477f\" data-element_type=\"widget\" data-e-type=\"widget\" data-widget_type=\"text-editor.default\">\n\t\t\t\t<div class=\"elementor-widget-container\">\n\t\t\t\t\t\t\t\t\t<p>Conozca el alcance de cada una de estas prestaciones, haciendo&nbsp;<a href=\"https:\/\/s3.amazonaws.com\/webinsturuguayprd\/institucional\/wp-content\/uploads\/2020\/04\/Asistencia24hs.pdf\" target=\"_blank\"><u>clic aqu\u00ed<\/u><\/a>.<\/p>\t\t\t\t\t\t\t\t<\/div>\n\t\t\t\t<\/div>\n\t\t\t\t\t<\/div>\n\t\t<\/div>\n\t\t\t\t\t<\/div>\n\t\t<\/section>\n\t\t\t\t<\/div>\n\t\t","protected":false},"excerpt":{"rendered":"<p>Asistencia 24 Asistencia mec\u00e1nica Solicit\u00e1 asistencia mec\u00e1nica las 24 hs. 0800 8831\u200b Tanto su veh\u00edculo como las personas que viajan en \u00e9l gozan todos los d\u00edas del a\u00f1o, sin costo alguno, y desde cualquier punto de nuestro pa\u00eds o del Mercosur y Chile, de los servicios adicionales de Asistencia 24. Servicios para el veh\u00edculo Servicios &hellip; <\/p>\n<p class=\"link-more\"><a href=\"https:\/\/www.sancristobalseguros.com.uy\/institucional\/automotor\/servicios-al-asegurado\/\" class=\"more-link\">Segu\u00ed leyendo<span class=\"screen-reader-text\"> &#8220;Servicios al asegurado&#8221;<\/span><\/a><\/p>\n","protected":false},"author":1,"featured_media":0,"parent":45,"menu_order":0,"comment_status":"closed","ping_status":"closed","template":"elementor_header_footer","meta":{"inline_featured_image":false,"footnotes":""},"class_list":["post-268","page","type-page","status-publish","hentry"],"_links":{"self":[{"href":"https:\/\/www.sancristobalseguros.com.uy\/institucional\/wp-json\/wp\/v2\/pages\/268","targetHints":{"allow":["GET"]}}],"collection":[{"href":"https:\/\/www.sancristobalseguros.com.uy\/institucional\/wp-json\/wp\/v2\/pages"}],"about":[{"href":"https:\/\/www.sancristobalseguros.com.uy\/institucional\/wp-json\/wp\/v2\/types\/page"}],"author":[{"embeddable":true,"href":"https:\/\/www.sancristobalseguros.com.uy\/institucional\/wp-json\/wp\/v2\/users\/1"}],"replies":[{"embeddable":true,"href":"https:\/\/www.sancristobalseguros.com.uy\/institucional\/wp-json\/wp\/v2\/comments?post=268"}],"version-history":[{"count":41,"href":"https:\/\/www.sancristobalseguros.com.uy\/institucional\/wp-json\/wp\/v2\/pages\/268\/revisions"}],"predecessor-version":[{"id":962,"href":"https:\/\/www.sancristobalseguros.com.uy\/institucional\/wp-json\/wp\/v2\/pages\/268\/revisions\/962"}],"up":[{"embeddable":true,"href":"https:\/\/www.sancristobalseguros.com.uy\/institucional\/wp-json\/wp\/v2\/pages\/45"}],"wp:attachment":[{"href":"https:\/\/www.sancristobalseguros.com.uy\/institucional\/wp-json\/wp\/v2\/media?parent=268"}],"curies":[{"name":"wp","href":"https:\/\/api.w.org\/{rel}","templated":true}]}}