{"id":1778,"date":"2022-02-07T11:57:30","date_gmt":"2022-02-07T14:57:30","guid":{"rendered":"https:\/\/www.sancristobalseguros.com.uy\/institucional\/?page_id=1778"},"modified":"2025-11-17T15:57:46","modified_gmt":"2025-11-17T18:57:46","slug":"sobre-nosotros","status":"publish","type":"page","link":"https:\/\/www.sancristobalseguros.com.uy\/institucional\/sobre-nosotros\/","title":{"rendered":"Sobre Nosotros"},"content":{"rendered":"\t\t<div data-elementor-type=\"wp-page\" data-elementor-id=\"1778\" class=\"elementor elementor-1778\" data-elementor-post-type=\"page\">\n\t\t\t\t\t\t<section class=\"elementor-section elementor-top-section elementor-element elementor-element-d232410 elementor-section-boxed elementor-section-height-default elementor-section-height-default\" data-id=\"d232410\" data-element_type=\"section\" data-e-type=\"section\" data-settings=\"{&quot;background_background&quot;:&quot;classic&quot;}\">\n\t\t\t\t\t\t<div class=\"elementor-container elementor-column-gap-default\">\n\t\t\t\t\t<div class=\"elementor-column elementor-col-50 elementor-top-column elementor-element elementor-element-bfd620a\" data-id=\"bfd620a\" data-element_type=\"column\" data-e-type=\"column\">\n\t\t\t<div class=\"elementor-widget-wrap elementor-element-populated\">\n\t\t\t\t\t\t<div class=\"elementor-element elementor-element-bef677a elementor-widget elementor-widget-heading\" data-id=\"bef677a\" data-element_type=\"widget\" data-e-type=\"widget\" data-widget_type=\"heading.default\">\n\t\t\t\t<div class=\"elementor-widget-container\">\n\t\t\t\t\t<h2 class=\"elementor-heading-title elementor-size-default\">Sobre <b>Nosotros<\/b><\/h2>\t\t\t\t<\/div>\n\t\t\t\t<\/div>\n\t\t\t\t\t<\/div>\n\t\t<\/div>\n\t\t\t\t<div class=\"elementor-column elementor-col-50 elementor-top-column elementor-element elementor-element-c96cb39\" data-id=\"c96cb39\" data-element_type=\"column\" data-e-type=\"column\">\n\t\t\t<div class=\"elementor-widget-wrap\">\n\t\t\t\t\t\t\t<\/div>\n\t\t<\/div>\n\t\t\t\t\t<\/div>\n\t\t<\/section>\n\t\t\t\t<section class=\"elementor-section elementor-top-section elementor-element elementor-element-7e5ba11 elementor-section-boxed elementor-section-height-default elementor-section-height-default\" data-id=\"7e5ba11\" data-element_type=\"section\" data-e-type=\"section\">\n\t\t\t\t\t\t<div class=\"elementor-container elementor-column-gap-default\">\n\t\t\t\t\t<div class=\"elementor-column elementor-col-50 elementor-top-column elementor-element elementor-element-230da1a\" data-id=\"230da1a\" data-element_type=\"column\" data-e-type=\"column\">\n\t\t\t<div class=\"elementor-widget-wrap elementor-element-populated\">\n\t\t\t\t\t\t<div class=\"elementor-element elementor-element-58302a0 elementor-widget elementor-widget-image\" data-id=\"58302a0\" data-element_type=\"widget\" data-e-type=\"widget\" data-widget_type=\"image.default\">\n\t\t\t\t<div class=\"elementor-widget-container\">\n\t\t\t\t\t\t\t\t\t\t\t\t\t\t\t<img fetchpriority=\"high\" decoding=\"async\" width=\"740\" height=\"665\" src=\"https:\/\/www.sancristobalseguros.com.uy\/institucional\/wp-content\/uploads\/2022\/02\/sobre-nosotos.png\" class=\"attachment-large size-large wp-image-1809\" alt=\"\" srcset=\"https:\/\/www.sancristobalseguros.com.uy\/institucional\/wp-content\/uploads\/2022\/02\/sobre-nosotos.png 923w, https:\/\/www.sancristobalseguros.com.uy\/institucional\/wp-content\/uploads\/2022\/02\/sobre-nosotos-300x270.png 300w, https:\/\/www.sancristobalseguros.com.uy\/institucional\/wp-content\/uploads\/2022\/02\/sobre-nosotos-768x691.png 768w\" sizes=\"100vw\" \/>\t\t\t\t\t\t\t\t\t\t\t\t\t\t\t<\/div>\n\t\t\t\t<\/div>\n\t\t\t\t\t<\/div>\n\t\t<\/div>\n\t\t\t\t<div class=\"elementor-column elementor-col-50 elementor-top-column elementor-element elementor-element-7f315a0\" data-id=\"7f315a0\" data-element_type=\"column\" data-e-type=\"column\">\n\t\t\t<div class=\"elementor-widget-wrap elementor-element-populated\">\n\t\t\t\t\t\t<div class=\"elementor-element elementor-element-04c5364 elementor-widget elementor-widget-heading\" data-id=\"04c5364\" data-element_type=\"widget\" data-e-type=\"widget\" data-widget_type=\"heading.default\">\n\t\t\t\t<div class=\"elementor-widget-container\">\n\t\t\t\t\t<h2 class=\"elementor-heading-title elementor-size-default\">San Crist\u00f3bal Seguros es una empresa mutual argentina, fundada en 1939 en la ciudad de Rosario, y que forma parte del Grupo San Crist\u00f3bal. En 2014 inici\u00f3 su proyecto de expansi\u00f3n regional, abriendo su primera oficina en Uruguay.<br><br>El crecimiento permanente y la eficaz administraci\u00f3n de nuestros recursos nos convierten en una empresa l\u00edder. M\u00e1s de 7 d\u00e9cadas al servicio de nuestros asegurados nos han hecho expertos en seguro automotor, conocimiento que trasladamos a un amplio portafolio de productos de gran calidad y amplia cobertura para personas, productores agropecuarios, comercios, PYMES y grandes empresas.<br><br>Hoy, es la aseguradora con mayor patrimonio neto de la Argentina, lo que demuestra la calidad de sus profesionales y su capacidad de afrontar compromisos.<\/h2>\t\t\t\t<\/div>\n\t\t\t\t<\/div>\n\t\t\t\t<div class=\"elementor-element elementor-element-ee4e60e elementor-widget-divider--view-line elementor-widget elementor-widget-divider\" data-id=\"ee4e60e\" data-element_type=\"widget\" data-e-type=\"widget\" data-widget_type=\"divider.default\">\n\t\t\t\t<div class=\"elementor-widget-container\">\n\t\t\t\t\t\t\t<div class=\"elementor-divider\">\n\t\t\t<span class=\"elementor-divider-separator\">\n\t\t\t\t\t\t<\/span>\n\t\t<\/div>\n\t\t\t\t\t\t<\/div>\n\t\t\t\t<\/div>\n\t\t\t\t\t<\/div>\n\t\t<\/div>\n\t\t\t\t\t<\/div>\n\t\t<\/section>\n\t\t\t\t<section class=\"elementor-section elementor-top-section elementor-element elementor-element-9fc4366 elementor-section-boxed elementor-section-height-default elementor-section-height-default\" data-id=\"9fc4366\" data-element_type=\"section\" data-e-type=\"section\" data-settings=\"{&quot;background_background&quot;:&quot;classic&quot;}\">\n\t\t\t\t\t\t<div class=\"elementor-container elementor-column-gap-default\">\n\t\t\t\t\t<div class=\"elementor-column elementor-col-33 elementor-top-column elementor-element elementor-element-e0a96a0\" data-id=\"e0a96a0\" data-element_type=\"column\" data-e-type=\"column\">\n\t\t\t<div class=\"elementor-widget-wrap elementor-element-populated\">\n\t\t\t\t\t\t<div class=\"elementor-element elementor-element-246b5ab elementor-position-top elementor-widget elementor-widget-image-box\" data-id=\"246b5ab\" data-element_type=\"widget\" data-e-type=\"widget\" data-widget_type=\"image-box.default\">\n\t\t\t\t<div class=\"elementor-widget-container\">\n\t\t\t\t\t<div class=\"elementor-image-box-wrapper\"><figure class=\"elementor-image-box-img\"><img decoding=\"async\" width=\"214\" height=\"215\" src=\"https:\/\/www.sancristobalseguros.com.uy\/institucional\/wp-content\/uploads\/2022\/02\/atencion-personalizada.png\" class=\"attachment-full size-full wp-image-1808\" alt=\"\" srcset=\"https:\/\/www.sancristobalseguros.com.uy\/institucional\/wp-content\/uploads\/2022\/02\/atencion-personalizada.png 214w, https:\/\/www.sancristobalseguros.com.uy\/institucional\/wp-content\/uploads\/2022\/02\/atencion-personalizada-150x150.png 150w, https:\/\/www.sancristobalseguros.com.uy\/institucional\/wp-content\/uploads\/2022\/02\/atencion-personalizada-100x100.png 100w\" sizes=\"(max-width: 214px) 100vw, 214px\" \/><\/figure><div class=\"elementor-image-box-content\"><h3 class=\"elementor-image-box-title\">Atenci\u00f3n personalizada<\/h3><p class=\"elementor-image-box-description\">San Crist\u00f3bal Seguros logra estar cerca de sus asegurados brindando atenci\u00f3n personalizada telef\u00f3nicamente, v\u00eda e-mail y Whatsapp.\u00a0<\/p><\/div><\/div>\t\t\t\t<\/div>\n\t\t\t\t<\/div>\n\t\t\t\t<div class=\"elementor-element elementor-element-79760a5 ee-button-group-valign-bottom ee-button-group-halign-center ee-button-group-gap-default elementor-widget elementor-widget-button-group\" data-id=\"79760a5\" data-element_type=\"widget\" data-e-type=\"widget\" data-settings=\"{&quot;trigger&quot;:&quot;mouseenter&quot;,&quot;trigger_tablet&quot;:&quot;click_target&quot;,&quot;trigger_mobile&quot;:&quot;click_target&quot;,&quot;_hide&quot;:&quot;mouseleave&quot;,&quot;_hide_tablet&quot;:&quot;click_out&quot;,&quot;_hide_mobile&quot;:&quot;click_out&quot;,&quot;position&quot;:&quot;bottom&quot;,&quot;delay_in&quot;:{&quot;unit&quot;:&quot;px&quot;,&quot;size&quot;:&quot;&quot;,&quot;sizes&quot;:[]},&quot;delay_out&quot;:{&quot;unit&quot;:&quot;px&quot;,&quot;size&quot;:&quot;&quot;,&quot;sizes&quot;:[]},&quot;duration&quot;:{&quot;unit&quot;:&quot;px&quot;,&quot;size&quot;:&quot;&quot;,&quot;sizes&quot;:[]}}\" data-widget_type=\"button-group.default\">\n\t\t\t\t<div class=\"elementor-widget-container\">\n\t\t\t\t\t<ul class=\"ee-button-group\"><li class=\"ee-button-gap elementor-repeater-item-9cb74b8\">\n\t\t\t\t\t<a class=\"ee-button-wrapper\" href=\"https:\/\/www.sancristobalseguros.com.uy\/institucional\/contacto-2\/\">\n\n\t\t\t\t\t\t<span class=\"ee-button ee-button-link ee-size-sm\" data-label=\"Contactanos\">\n\t\t\t\t\t\t\t<span class=\"ee-button-content-wrapper\"><span class=\"ee-button-text\">\n\t\t\t\t\t\t\t\t\tContactanos\t\t\t\t\t\t\t\t<\/span>\n\n\t\t\t\t\t\t\t\t\n\t\t\t\t\t\t\t<\/span>\n\t\t\t\t\t\t<\/span>\n\n\t\t\t\t\t<\/a>\n\t\t\t\t<\/li><\/ul>\n\t\t\t\t\t\t<\/div>\n\t\t\t\t<\/div>\n\t\t\t\t\t<\/div>\n\t\t<\/div>\n\t\t\t\t<div class=\"elementor-column elementor-col-33 elementor-top-column elementor-element elementor-element-77f97d6\" data-id=\"77f97d6\" data-element_type=\"column\" data-e-type=\"column\">\n\t\t\t<div class=\"elementor-widget-wrap elementor-element-populated\">\n\t\t\t\t\t\t<div class=\"elementor-element elementor-element-60f3f66 elementor-position-top elementor-widget elementor-widget-image-box\" data-id=\"60f3f66\" data-element_type=\"widget\" data-e-type=\"widget\" data-widget_type=\"image-box.default\">\n\t\t\t\t<div class=\"elementor-widget-container\">\n\t\t\t\t\t<div class=\"elementor-image-box-wrapper\"><figure class=\"elementor-image-box-img\"><img decoding=\"async\" width=\"214\" height=\"215\" src=\"https:\/\/www.sancristobalseguros.com.uy\/institucional\/wp-content\/uploads\/2022\/02\/corredores.png\" class=\"attachment-full size-full wp-image-1805\" alt=\"\" srcset=\"https:\/\/www.sancristobalseguros.com.uy\/institucional\/wp-content\/uploads\/2022\/02\/corredores.png 214w, https:\/\/www.sancristobalseguros.com.uy\/institucional\/wp-content\/uploads\/2022\/02\/corredores-150x150.png 150w, https:\/\/www.sancristobalseguros.com.uy\/institucional\/wp-content\/uploads\/2022\/02\/corredores-100x100.png 100w\" sizes=\"(max-width: 214px) 100vw, 214px\" \/><\/figure><div class=\"elementor-image-box-content\"><h3 class=\"elementor-image-box-title\">Corredores<\/h3><p class=\"elementor-image-box-description\">Con una red corredores que alcanza todos los rincones del pa\u00eds, para que tengas una atenci\u00f3n personalizada, cerca de tu casa, San Crist\u00f3bal est\u00e1 para acompa\u00f1arte est\u00e9s donde est\u00e9s, vayas a donde vayas.<\/p><\/div><\/div>\t\t\t\t<\/div>\n\t\t\t\t<\/div>\n\t\t\t\t<div class=\"elementor-element elementor-element-de475ec ee-button-group-halign-center ee-button-group-gap-default elementor-widget elementor-widget-button-group\" data-id=\"de475ec\" data-element_type=\"widget\" data-e-type=\"widget\" data-settings=\"{&quot;trigger&quot;:&quot;mouseenter&quot;,&quot;trigger_tablet&quot;:&quot;click_target&quot;,&quot;trigger_mobile&quot;:&quot;click_target&quot;,&quot;_hide&quot;:&quot;mouseleave&quot;,&quot;_hide_tablet&quot;:&quot;click_out&quot;,&quot;_hide_mobile&quot;:&quot;click_out&quot;,&quot;position&quot;:&quot;bottom&quot;,&quot;delay_in&quot;:{&quot;unit&quot;:&quot;px&quot;,&quot;size&quot;:&quot;&quot;,&quot;sizes&quot;:[]},&quot;delay_out&quot;:{&quot;unit&quot;:&quot;px&quot;,&quot;size&quot;:&quot;&quot;,&quot;sizes&quot;:[]},&quot;duration&quot;:{&quot;unit&quot;:&quot;px&quot;,&quot;size&quot;:&quot;&quot;,&quot;sizes&quot;:[]}}\" data-widget_type=\"button-group.default\">\n\t\t\t\t<div class=\"elementor-widget-container\">\n\t\t\t\t\t<ul class=\"ee-button-group\"><li class=\"ee-button-gap elementor-repeater-item-9cb74b8\">\n\t\t\t\t\t<a class=\"ee-button-wrapper\" href=\"https:\/\/www.sancristobalseguros.com.uy\/institucional\/solicitar-cotizacion\/\">\n\n\t\t\t\t\t\t<span class=\"ee-button ee-button-link ee-size-sm\" data-label=\"Consultanos\">\n\t\t\t\t\t\t\t<span class=\"ee-button-content-wrapper\"><span class=\"ee-button-text\">\n\t\t\t\t\t\t\t\t\tConsultanos\t\t\t\t\t\t\t\t<\/span>\n\n\t\t\t\t\t\t\t\t\n\t\t\t\t\t\t\t<\/span>\n\t\t\t\t\t\t<\/span>\n\n\t\t\t\t\t<\/a>\n\t\t\t\t<\/li><\/ul>\n\t\t\t\t\t\t<\/div>\n\t\t\t\t<\/div>\n\t\t\t\t\t<\/div>\n\t\t<\/div>\n\t\t\t\t<div class=\"elementor-column elementor-col-33 elementor-top-column elementor-element elementor-element-6ece4ef\" data-id=\"6ece4ef\" data-element_type=\"column\" data-e-type=\"column\">\n\t\t\t<div class=\"elementor-widget-wrap elementor-element-populated\">\n\t\t\t\t\t\t<div class=\"elementor-element elementor-element-2bd0e44 elementor-position-top elementor-widget elementor-widget-image-box\" data-id=\"2bd0e44\" data-element_type=\"widget\" data-e-type=\"widget\" data-widget_type=\"image-box.default\">\n\t\t\t\t<div class=\"elementor-widget-container\">\n\t\t\t\t\t<div class=\"elementor-image-box-wrapper\"><figure class=\"elementor-image-box-img\"><img loading=\"lazy\" decoding=\"async\" width=\"214\" height=\"215\" src=\"https:\/\/www.sancristobalseguros.com.uy\/institucional\/wp-content\/uploads\/2022\/02\/sumate-al-equipo.png\" class=\"attachment-full size-full wp-image-1806\" alt=\"\" srcset=\"https:\/\/www.sancristobalseguros.com.uy\/institucional\/wp-content\/uploads\/2022\/02\/sumate-al-equipo.png 214w, https:\/\/www.sancristobalseguros.com.uy\/institucional\/wp-content\/uploads\/2022\/02\/sumate-al-equipo-150x150.png 150w, https:\/\/www.sancristobalseguros.com.uy\/institucional\/wp-content\/uploads\/2022\/02\/sumate-al-equipo-100x100.png 100w\" sizes=\"(max-width: 214px) 100vw, 214px\" \/><\/figure><div class=\"elementor-image-box-content\"><h3 class=\"elementor-image-box-title\">Personas y bienestar<\/h3><p class=\"elementor-image-box-description\">Nos entusiasma el talento y trabajar con los mejores. Si sos una persona \u00e1gil, inquieta, que comparte con nosotros el objetivo de brindar a los clientes una experiencia superior, postulate. Queremos saber m\u00e1s de vos.<\/p><\/div><\/div>\t\t\t\t<\/div>\n\t\t\t\t<\/div>\n\t\t\t\t<div class=\"elementor-element elementor-element-6268f2c ee-button-group-halign-center ee-button-group-gap-default elementor-widget elementor-widget-button-group\" data-id=\"6268f2c\" data-element_type=\"widget\" data-e-type=\"widget\" data-settings=\"{&quot;trigger&quot;:&quot;mouseenter&quot;,&quot;trigger_tablet&quot;:&quot;click_target&quot;,&quot;trigger_mobile&quot;:&quot;click_target&quot;,&quot;_hide&quot;:&quot;mouseleave&quot;,&quot;_hide_tablet&quot;:&quot;click_out&quot;,&quot;_hide_mobile&quot;:&quot;click_out&quot;,&quot;position&quot;:&quot;bottom&quot;,&quot;delay_in&quot;:{&quot;unit&quot;:&quot;px&quot;,&quot;size&quot;:&quot;&quot;,&quot;sizes&quot;:[]},&quot;delay_out&quot;:{&quot;unit&quot;:&quot;px&quot;,&quot;size&quot;:&quot;&quot;,&quot;sizes&quot;:[]},&quot;duration&quot;:{&quot;unit&quot;:&quot;px&quot;,&quot;size&quot;:&quot;&quot;,&quot;sizes&quot;:[]}}\" data-widget_type=\"button-group.default\">\n\t\t\t\t<div class=\"elementor-widget-container\">\n\t\t\t\t\t<ul class=\"ee-button-group\"><li class=\"ee-button-gap elementor-repeater-item-9cb74b8\">\n\t\t\t\t\t<a class=\"ee-button-wrapper\" href=\"https:\/\/www.sancristobalseguros.com.uy\/institucional\/sumarme-a-san-cristobal\/\">\n\n\t\t\t\t\t\t<span class=\"ee-button ee-button-link ee-size-sm\" data-label=\"Sumate\">\n\t\t\t\t\t\t\t<span class=\"ee-button-content-wrapper\"><span class=\"ee-button-text\">\n\t\t\t\t\t\t\t\t\tSumate\t\t\t\t\t\t\t\t<\/span>\n\n\t\t\t\t\t\t\t\t\n\t\t\t\t\t\t\t<\/span>\n\t\t\t\t\t\t<\/span>\n\n\t\t\t\t\t<\/a>\n\t\t\t\t<\/li><\/ul>\n\t\t\t\t\t\t<\/div>\n\t\t\t\t<\/div>\n\t\t\t\t\t<\/div>\n\t\t<\/div>\n\t\t\t\t\t<\/div>\n\t\t<\/section>\n\t\t\t\t<\/div>\n\t\t","protected":false},"excerpt":{"rendered":"<p>Sobre Nosotros San Crist\u00f3bal Seguros es una empresa mutual argentina, fundada en 1939 en la ciudad de Rosario, y que forma parte del Grupo San Crist\u00f3bal. En 2014 inici\u00f3 su proyecto de expansi\u00f3n regional, abriendo su primera oficina en Uruguay. El crecimiento permanente y la eficaz administraci\u00f3n de nuestros recursos nos convierten en una empresa &hellip; <\/p>\n<p class=\"link-more\"><a href=\"https:\/\/www.sancristobalseguros.com.uy\/institucional\/sobre-nosotros\/\" class=\"more-link\">Segu\u00ed leyendo<span class=\"screen-reader-text\"> &#8220;Sobre Nosotros&#8221;<\/span><\/a><\/p>\n","protected":false},"author":1,"featured_media":0,"parent":0,"menu_order":0,"comment_status":"closed","ping_status":"closed","template":"elementor_header_footer","meta":{"inline_featured_image":false,"footnotes":""},"class_list":["post-1778","page","type-page","status-publish","hentry"],"_links":{"self":[{"href":"https:\/\/www.sancristobalseguros.com.uy\/institucional\/wp-json\/wp\/v2\/pages\/1778","targetHints":{"allow":["GET"]}}],"collection":[{"href":"https:\/\/www.sancristobalseguros.com.uy\/institucional\/wp-json\/wp\/v2\/pages"}],"about":[{"href":"https:\/\/www.sancristobalseguros.com.uy\/institucional\/wp-json\/wp\/v2\/types\/page"}],"author":[{"embeddable":true,"href":"https:\/\/www.sancristobalseguros.com.uy\/institucional\/wp-json\/wp\/v2\/users\/1"}],"replies":[{"embeddable":true,"href":"https:\/\/www.sancristobalseguros.com.uy\/institucional\/wp-json\/wp\/v2\/comments?post=1778"}],"version-history":[{"count":35,"href":"https:\/\/www.sancristobalseguros.com.uy\/institucional\/wp-json\/wp\/v2\/pages\/1778\/revisions"}],"predecessor-version":[{"id":3665,"href":"https:\/\/www.sancristobalseguros.com.uy\/institucional\/wp-json\/wp\/v2\/pages\/1778\/revisions\/3665"}],"wp:attachment":[{"href":"https:\/\/www.sancristobalseguros.com.uy\/institucional\/wp-json\/wp\/v2\/media?parent=1778"}],"curies":[{"name":"wp","href":"https:\/\/api.w.org\/{rel}","templated":true}]}}