{"id":1215,"date":"2020-12-09T21:16:21","date_gmt":"2020-12-10T00:16:21","guid":{"rendered":"https:\/\/www.sancristobalseguros.com.uy\/institucional\/?page_id=1215"},"modified":"2026-02-27T13:20:43","modified_gmt":"2026-02-27T16:20:43","slug":"talleres-colaboradores","status":"publish","type":"page","link":"https:\/\/www.sancristobalseguros.com.uy\/institucional\/talleres-colaboradores\/","title":{"rendered":"Talleres colaboradores"},"content":{"rendered":"\t\t<div data-elementor-type=\"wp-page\" data-elementor-id=\"1215\" class=\"elementor elementor-1215\" data-elementor-post-type=\"page\">\n\t\t\t\t\t\t<section class=\"elementor-section elementor-top-section elementor-element elementor-element-76a7b44 elementor-section-boxed elementor-section-height-default elementor-section-height-default\" data-id=\"76a7b44\" data-element_type=\"section\" data-e-type=\"section\" data-settings=\"{&quot;background_background&quot;:&quot;classic&quot;}\">\n\t\t\t\t\t\t<div class=\"elementor-container elementor-column-gap-default\">\n\t\t\t\t\t<div class=\"elementor-column elementor-col-50 elementor-top-column elementor-element elementor-element-189a759\" data-id=\"189a759\" data-element_type=\"column\" data-e-type=\"column\">\n\t\t\t<div class=\"elementor-widget-wrap elementor-element-populated\">\n\t\t\t\t\t\t<div class=\"elementor-element elementor-element-600c881 elementor-widget elementor-widget-heading\" data-id=\"600c881\" data-element_type=\"widget\" data-e-type=\"widget\" data-widget_type=\"heading.default\">\n\t\t\t\t<div class=\"elementor-widget-container\">\n\t\t\t\t\t<h2 class=\"elementor-heading-title elementor-size-default\">Talleres <b>colaboradores<\/b><\/h2>\t\t\t\t<\/div>\n\t\t\t\t<\/div>\n\t\t\t\t\t<\/div>\n\t\t<\/div>\n\t\t\t\t<div class=\"elementor-column elementor-col-50 elementor-top-column elementor-element elementor-element-81e0aff\" data-id=\"81e0aff\" data-element_type=\"column\" data-e-type=\"column\">\n\t\t\t<div class=\"elementor-widget-wrap\">\n\t\t\t\t\t\t\t<\/div>\n\t\t<\/div>\n\t\t\t\t\t<\/div>\n\t\t<\/section>\n\t\t\t\t<section class=\"elementor-section elementor-top-section elementor-element elementor-element-b9ad59b elementor-section-height-min-height elementor-section-boxed elementor-section-height-default elementor-section-items-middle\" data-id=\"b9ad59b\" data-element_type=\"section\" data-e-type=\"section\" data-settings=\"{&quot;background_background&quot;:&quot;gradient&quot;}\">\n\t\t\t\t\t\t<div class=\"elementor-container elementor-column-gap-wider\">\n\t\t\t\t\t<div class=\"elementor-column elementor-col-100 elementor-top-column elementor-element elementor-element-937ea3c\" data-id=\"937ea3c\" data-element_type=\"column\" data-e-type=\"column\">\n\t\t\t<div class=\"elementor-widget-wrap elementor-element-populated\">\n\t\t\t\t\t\t<div class=\"elementor-element elementor-element-6aed178 elementor-widget elementor-widget-heading\" data-id=\"6aed178\" data-element_type=\"widget\" data-e-type=\"widget\" data-widget_type=\"heading.default\">\n\t\t\t\t<div class=\"elementor-widget-container\">\n\t\t\t\t\t<h2 class=\"elementor-heading-title elementor-size-default\">Beneficios para asegurados<\/h2>\t\t\t\t<\/div>\n\t\t\t\t<\/div>\n\t\t\t\t<div class=\"elementor-element elementor-element-74543eb elementor-widget elementor-widget-heading\" data-id=\"74543eb\" data-element_type=\"widget\" data-e-type=\"widget\" data-widget_type=\"heading.default\">\n\t\t\t\t<div class=\"elementor-widget-container\">\n\t\t\t\t\t<h4 class=\"elementor-heading-title elementor-size-default\">A continuaci\u00f3n, conoce nuestra red de talleres colaboradores<\/h4>\t\t\t\t<\/div>\n\t\t\t\t<\/div>\n\t\t\t\t\t<\/div>\n\t\t<\/div>\n\t\t\t\t\t<\/div>\n\t\t<\/section>\n\t\t\t\t<section class=\"elementor-section elementor-top-section elementor-element elementor-element-dcce7c8 elementor-section-boxed elementor-section-height-default elementor-section-height-default\" data-id=\"dcce7c8\" data-element_type=\"section\" data-e-type=\"section\">\n\t\t\t\t\t\t<div class=\"elementor-container elementor-column-gap-default\">\n\t\t\t\t\t<div class=\"elementor-column elementor-col-100 elementor-top-column elementor-element elementor-element-56908a5\" data-id=\"56908a5\" data-element_type=\"column\" data-e-type=\"column\">\n\t\t\t<div class=\"elementor-widget-wrap elementor-element-populated\">\n\t\t\t\t\t\t<div class=\"elementor-element elementor-element-1b75d7b elementor-widget elementor-widget-shortcode\" data-id=\"1b75d7b\" data-element_type=\"widget\" data-e-type=\"widget\" data-widget_type=\"shortcode.default\">\n\t\t\t\t<div class=\"elementor-widget-container\">\n\t\t\t\t\t\t\t<div class=\"elementor-shortcode\"><style>\r\n\t#wpsl-stores .wpsl-store-thumb {height:45px !important; width:45px !important;}\r\n\t#wpsl-stores, #wpsl-direction-details, #wpsl-gmap {height:500px !important;}\r\n\t#wpsl-gmap .wpsl-info-window {max-width:225px !important;}\r\n\t.wpsl-input label, #wpsl-radius label, #wpsl-category label {width:300px;}\r\n\t#wpsl-search-input ,#wpsl-category .wpsl-dropdown {width:300px;}\r\n<\/style>\r\n<div id=\"wpsl-wrap\">\r\n\t<div class=\"wpsl-search wpsl-clearfix \">\r\n\t\t<div id=\"wpsl-search-wrap\">\r\n\t\t\t<form autocomplete=\"off\">\r\n\t\t\t<div class=\"wpsl-input\">\r\n\t\t\t\t<div><label for=\"wpsl-search-input\">Buscar por Departamento<\/label><\/div>\r\n\t\t\t\t<input id=\"wpsl-search-input\" type=\"text\" value=\"\" name=\"wpsl-search-input\" placeholder=\"\" aria-required=\"true\" \/>\r\n\t\t\t<\/div>\r\n<div id=\"wpsl-category\">\r\n<label for=\"wpsl-category-list\">Marca<\/label>\r\n<select  name='wpsl-category' id='wpsl-category-list' class='wpsl-dropdown'>\n\t<option value='0'>Todos<\/option>\n\t<option class=\"level-0\" value=\"26\">BYD<\/option>\n\t<option class=\"level-0\" value=\"25\">Chery<\/option>\n\t<option class=\"level-0\" value=\"30\">Chevrolet<\/option>\n\t<option class=\"level-0\" value=\"23\">Citro\u00ebn<\/option>\n\t<option class=\"level-0\" value=\"22\">Fiat<\/option>\n\t<option class=\"level-0\" value=\"20\">Ford<\/option>\n\t<option class=\"level-0\" value=\"21\">Honda<\/option>\n\t<option class=\"level-0\" value=\"24\">Jetour<\/option>\n\t<option class=\"level-0\" value=\"31\">Maserati<\/option>\n\t<option class=\"level-0\" value=\"29\">Mitsubishi<\/option>\n\t<option class=\"level-0\" value=\"17\">Multimarca<\/option>\n\t<option class=\"level-0\" value=\"34\">Multimarca y Ford<\/option>\n\t<option class=\"level-0\" value=\"27\">Nissan<\/option>\n\t<option class=\"level-0\" value=\"33\">Oficial Hyundai<\/option>\n\t<option class=\"level-0\" value=\"32\">Peugeot<\/option>\n\t<option class=\"level-0\" value=\"28\">Renault<\/option>\n\t<option class=\"level-0\" value=\"18\">Suzuki<\/option>\n\t<option class=\"level-0\" value=\"19\">Toyota<\/option>\n<\/select>\n<\/div>\r\n\t\t\t\t<div class=\"wpsl-search-btn-wrap\"><input id=\"wpsl-search-btn\" type=\"submit\" value=\"Buscar\"><\/div>\r\n\t\t<\/form>\r\n\t\t<\/div>\r\n\t<\/div>\r\n\t<div id=\"wpsl-gmap\" class=\"wpsl-gmap-canvas\"><\/div>\r\n\t<div id=\"wpsl-result-list\">\r\n\t\t<div id=\"wpsl-stores\" >\r\n\t\t\t<ul><\/ul>\r\n\t\t<\/div>\r\n\t\t<div id=\"wpsl-direction-details\">\r\n\t\t\t<ul><\/ul>\r\n\t\t<\/div>\r\n\t<\/div>\r\n<\/div>\r\n<\/div>\n\t\t\t\t\t\t<\/div>\n\t\t\t\t<\/div>\n\t\t\t\t\t<\/div>\n\t\t<\/div>\n\t\t\t\t\t<\/div>\n\t\t<\/section>\n\t\t\t\t<section class=\"elementor-section elementor-top-section elementor-element elementor-element-1448c6f elementor-section-boxed elementor-section-height-default elementor-section-height-default\" data-id=\"1448c6f\" data-element_type=\"section\" data-e-type=\"section\">\n\t\t\t\t\t\t<div class=\"elementor-container elementor-column-gap-default\">\n\t\t\t\t\t<div class=\"elementor-column elementor-col-100 elementor-top-column elementor-element elementor-element-34b4b9a\" data-id=\"34b4b9a\" data-element_type=\"column\" data-e-type=\"column\">\n\t\t\t<div class=\"elementor-widget-wrap elementor-element-populated\">\n\t\t\t\t\t\t<div class=\"elementor-element elementor-element-133635e elementor-widget elementor-widget-heading\" data-id=\"133635e\" data-element_type=\"widget\" data-e-type=\"widget\" data-widget_type=\"heading.default\">\n\t\t\t\t<div class=\"elementor-widget-container\">\n\t\t\t\t\t<h2 class=\"elementor-heading-title elementor-size-default\">Procedimiento para la Evaluaci\u00f3n de los Da\u00f1os del Veh\u00edculo<\/h2>\t\t\t\t<\/div>\n\t\t\t\t<\/div>\n\t\t\t\t<div class=\"elementor-element elementor-element-d14a621 elementor-widget elementor-widget-text-editor\" data-id=\"d14a621\" data-element_type=\"widget\" data-e-type=\"widget\" data-widget_type=\"text-editor.default\">\n\t\t\t\t<div class=\"elementor-widget-container\">\n\t\t\t\t\t\t\t\t\t<div class=\"textLayer\">Una vez efectuada la denuncia del siniestro a trav\u00e9s de nuestro call center y habiendo completado el formulario \u201cDenuncia de Siniestros Automotores\u201d, deber\u00e1 elegir el taller en donde efectuar\u00e1 la reparaci\u00f3n.<\/div><div>\u00a0<\/div><div class=\"textLayer\">Le invitamos cordialmente a seleccionar uno de los prestigiosos talleres mec\u00e1nicos que conforman nuestro equipo, a los efectos de disfrutar de los siguientes beneficios:<\/div>\t\t\t\t\t\t\t\t<\/div>\n\t\t\t\t<\/div>\n\t\t\t\t<div class=\"elementor-element elementor-element-09ef3c8 elementor-icon-list--layout-traditional elementor-list-item-link-full_width elementor-widget elementor-widget-icon-list\" data-id=\"09ef3c8\" data-element_type=\"widget\" data-e-type=\"widget\" data-widget_type=\"icon-list.default\">\n\t\t\t\t<div class=\"elementor-widget-container\">\n\t\t\t\t\t\t\t<ul class=\"elementor-icon-list-items\">\n\t\t\t\t\t\t\t<li class=\"elementor-icon-list-item\">\n\t\t\t\t\t\t\t\t\t\t\t<span class=\"elementor-icon-list-icon\">\n\t\t\t\t\t\t\t<i aria-hidden=\"true\" class=\"fas fa-circle\"><\/i>\t\t\t\t\t\t<\/span>\n\t\t\t\t\t\t\t\t\t\t<span class=\"elementor-icon-list-text\">Garant\u00eda de reparaci\u00f3n San Crist\u00f3bal.<\/span>\n\t\t\t\t\t\t\t\t\t<\/li>\n\t\t\t\t\t\t\t\t<li class=\"elementor-icon-list-item\">\n\t\t\t\t\t\t\t\t\t\t\t<span class=\"elementor-icon-list-icon\">\n\t\t\t\t\t\t\t<i aria-hidden=\"true\" class=\"fas fa-circle\"><\/i>\t\t\t\t\t\t<\/span>\n\t\t\t\t\t\t\t\t\t\t<span class=\"elementor-icon-list-text\">Cualquiera de los talleres acreditados da preferencia en sus agendas a nuestros asegurados.<\/span>\n\t\t\t\t\t\t\t\t\t<\/li>\n\t\t\t\t\t\t\t\t<li class=\"elementor-icon-list-item\">\n\t\t\t\t\t\t\t\t\t\t\t<span class=\"elementor-icon-list-icon\">\n\t\t\t\t\t\t\t<i aria-hidden=\"true\" class=\"fas fa-circle\"><\/i>\t\t\t\t\t\t<\/span>\n\t\t\t\t\t\t\t\t\t\t<span class=\"elementor-icon-list-text\">En la mayor\u00eda de nuestros talleres acreditados podr\u00e1 pagar con tarjeta de cr\u00e9dito el importe de su deducible, cuando aplicare.<\/span>\n\t\t\t\t\t\t\t\t\t<\/li>\n\t\t\t\t\t\t\t\t<li class=\"elementor-icon-list-item\">\n\t\t\t\t\t\t\t\t\t\t\t<span class=\"elementor-icon-list-icon\">\n\t\t\t\t\t\t\t<i aria-hidden=\"true\" class=\"fas fa-circle\"><\/i>\t\t\t\t\t\t<\/span>\n\t\t\t\t\t\t\t\t\t\t<span class=\"elementor-icon-list-text\">La mayor\u00eda de nuestros talleres son representantes oficiales de importantes marcas de autom\u00f3viles.<\/span>\n\t\t\t\t\t\t\t\t\t<\/li>\n\t\t\t\t\t\t<\/ul>\n\t\t\t\t\t\t<\/div>\n\t\t\t\t<\/div>\n\t\t\t\t<div class=\"elementor-element elementor-element-6385189 elementor-widget elementor-widget-text-editor\" data-id=\"6385189\" data-element_type=\"widget\" data-e-type=\"widget\" data-widget_type=\"text-editor.default\">\n\t\t\t\t<div class=\"elementor-widget-container\">\n\t\t\t\t\t\t\t\t\t<div class=\"textLayer\">Una vez su veh\u00edculo se encuentre en el Taller, \u00e9ste enviar\u00e1 el presupuesto de reparaci\u00f3n a nuestras oficinas, indicando los detalles para enviar a nuestro Perito tasador.<\/div><div>\u00a0<\/div><div class=\"textLayer\">El Taller deber\u00e1 enviar un correo electr\u00f3nico con esta informaci\u00f3n a la siguiente direcci\u00f3n: <a href=\"mailto:siniestros@sancristobalseguros.com.uy\"><strong>siniestros@sancristobalseguros.com.uy<\/strong><\/a> Seguidamente, se proceder\u00e1 con la reparaci\u00f3n de su veh\u00edculo, previo el an\u00e1lisis correspondiente.<\/div><div class=\"textLayer\">En caso de que desee utilizar otro taller mec\u00e1nico, \u00e9ste deber\u00e1 cumplir con el presente procedimiento.<\/div><div class=\"textLayer\">Ante cualquier duda o consulta, favor contactarnos a trav\u00e9s de su asesor de seguros o a la direcci\u00f3n de correo electr\u00f3nico antes se\u00f1alada.<\/div><div class=\"annotationLayer\">\u00a0<\/div>\t\t\t\t\t\t\t\t<\/div>\n\t\t\t\t<\/div>\n\t\t\t\t\t<\/div>\n\t\t<\/div>\n\t\t\t\t\t<\/div>\n\t\t<\/section>\n\t\t\t\t<\/div>\n\t\t","protected":false},"excerpt":{"rendered":"<p>Talleres colaboradores Beneficios para asegurados A continuaci\u00f3n, conoce nuestra red de talleres colaboradores Procedimiento para la Evaluaci\u00f3n de los Da\u00f1os del Veh\u00edculo Una vez efectuada la denuncia del siniestro a trav\u00e9s de nuestro call center y habiendo completado el formulario \u201cDenuncia de Siniestros Automotores\u201d, deber\u00e1 elegir el taller en donde efectuar\u00e1 la reparaci\u00f3n.\u00a0Le invitamos cordialmente &hellip; <\/p>\n<p class=\"link-more\"><a href=\"https:\/\/www.sancristobalseguros.com.uy\/institucional\/talleres-colaboradores\/\" class=\"more-link\">Segu\u00ed leyendo<span class=\"screen-reader-text\"> &#8220;Talleres colaboradores&#8221;<\/span><\/a><\/p>\n","protected":false},"author":1,"featured_media":0,"parent":0,"menu_order":0,"comment_status":"closed","ping_status":"closed","template":"elementor_header_footer","meta":{"inline_featured_image":false,"footnotes":""},"class_list":["post-1215","page","type-page","status-publish","hentry"],"_links":{"self":[{"href":"https:\/\/www.sancristobalseguros.com.uy\/institucional\/wp-json\/wp\/v2\/pages\/1215","targetHints":{"allow":["GET"]}}],"collection":[{"href":"https:\/\/www.sancristobalseguros.com.uy\/institucional\/wp-json\/wp\/v2\/pages"}],"about":[{"href":"https:\/\/www.sancristobalseguros.com.uy\/institucional\/wp-json\/wp\/v2\/types\/page"}],"author":[{"embeddable":true,"href":"https:\/\/www.sancristobalseguros.com.uy\/institucional\/wp-json\/wp\/v2\/users\/1"}],"replies":[{"embeddable":true,"href":"https:\/\/www.sancristobalseguros.com.uy\/institucional\/wp-json\/wp\/v2\/comments?post=1215"}],"version-history":[{"count":73,"href":"https:\/\/www.sancristobalseguros.com.uy\/institucional\/wp-json\/wp\/v2\/pages\/1215\/revisions"}],"predecessor-version":[{"id":3841,"href":"https:\/\/www.sancristobalseguros.com.uy\/institucional\/wp-json\/wp\/v2\/pages\/1215\/revisions\/3841"}],"wp:attachment":[{"href":"https:\/\/www.sancristobalseguros.com.uy\/institucional\/wp-json\/wp\/v2\/media?parent=1215"}],"curies":[{"name":"wp","href":"https:\/\/api.w.org\/{rel}","templated":true}]}}