{"id":1066,"date":"2020-07-16T11:31:35","date_gmt":"2020-07-16T14:31:35","guid":{"rendered":"https:\/\/www.sancristobalseguros.com.uy\/institucional\/?page_id=1066"},"modified":"2026-02-25T12:44:49","modified_gmt":"2026-02-25T15:44:49","slug":"automotor","status":"publish","type":"page","link":"https:\/\/www.sancristobalseguros.com.uy\/institucional\/seguros\/denunciar-siniestro\/automotor\/","title":{"rendered":"Automotor"},"content":{"rendered":"\t\t<div data-elementor-type=\"wp-page\" data-elementor-id=\"1066\" class=\"elementor elementor-1066\" data-elementor-post-type=\"page\">\n\t\t\t\t\t\t<section class=\"elementor-section elementor-top-section elementor-element elementor-element-5f621a4 elementor-section-boxed elementor-section-height-default elementor-section-height-default\" data-id=\"5f621a4\" data-element_type=\"section\" data-settings=\"{&quot;background_background&quot;:&quot;classic&quot;}\">\n\t\t\t\t\t\t<div class=\"elementor-container elementor-column-gap-default\">\n\t\t\t\t\t<div class=\"elementor-column elementor-col-50 elementor-top-column elementor-element elementor-element-c83ed8c\" data-id=\"c83ed8c\" data-element_type=\"column\">\n\t\t\t<div class=\"elementor-widget-wrap elementor-element-populated\">\n\t\t\t\t\t\t<div class=\"elementor-element elementor-element-42e655a elementor-widget__width-initial elementor-widget elementor-widget-heading\" data-id=\"42e655a\" data-element_type=\"widget\" data-widget_type=\"heading.default\">\n\t\t\t\t<div class=\"elementor-widget-container\">\n\t\t\t\t\t<h2 class=\"elementor-heading-title elementor-size-default\">Denuncia de <b>siniestro automotor<\/b><\/h2>\t\t\t\t<\/div>\n\t\t\t\t<\/div>\n\t\t\t\t\t<\/div>\n\t\t<\/div>\n\t\t\t\t<div class=\"elementor-column elementor-col-50 elementor-top-column elementor-element elementor-element-7c9c59e\" data-id=\"7c9c59e\" data-element_type=\"column\">\n\t\t\t<div class=\"elementor-widget-wrap\">\n\t\t\t\t\t\t\t<\/div>\n\t\t<\/div>\n\t\t\t\t\t<\/div>\n\t\t<\/section>\n\t\t\t\t<section class=\"elementor-section elementor-top-section elementor-element elementor-element-635c621 elementor-section-boxed elementor-section-height-default elementor-section-height-default\" data-id=\"635c621\" data-element_type=\"section\">\n\t\t\t\t\t\t<div class=\"elementor-container elementor-column-gap-default\">\n\t\t\t\t\t<div class=\"elementor-column elementor-col-33 elementor-top-column elementor-element elementor-element-5a927fc\" data-id=\"5a927fc\" data-element_type=\"column\">\n\t\t\t<div class=\"elementor-widget-wrap elementor-element-populated\">\n\t\t\t\t\t\t<div class=\"elementor-element elementor-element-8aa1bf2 elementor-widget elementor-widget-image\" data-id=\"8aa1bf2\" data-element_type=\"widget\" data-widget_type=\"image.default\">\n\t\t\t\t<div class=\"elementor-widget-container\">\n\t\t\t\t\t\t\t\t\t\t\t\t\t\t\t<img decoding=\"async\" width=\"214\" height=\"215\" src=\"https:\/\/www.sancristobalseguros.com.uy\/institucional\/wp-content\/uploads\/2022\/02\/icono-seguro-1.png\" class=\"attachment-full size-full wp-image-1970\" alt=\"\" srcset=\"https:\/\/www.sancristobalseguros.com.uy\/institucional\/wp-content\/uploads\/2022\/02\/icono-seguro-1.png 214w, https:\/\/www.sancristobalseguros.com.uy\/institucional\/wp-content\/uploads\/2022\/02\/icono-seguro-1-150x150.png 150w, https:\/\/www.sancristobalseguros.com.uy\/institucional\/wp-content\/uploads\/2022\/02\/icono-seguro-1-100x100.png 100w\" sizes=\"100vw\" \/>\t\t\t\t\t\t\t\t\t\t\t\t\t\t\t<\/div>\n\t\t\t\t<\/div>\n\t\t\t\t\t<\/div>\n\t\t<\/div>\n\t\t\t\t<div class=\"elementor-column elementor-col-66 elementor-top-column elementor-element elementor-element-61c5f7a\" data-id=\"61c5f7a\" data-element_type=\"column\">\n\t\t\t<div class=\"elementor-widget-wrap elementor-element-populated\">\n\t\t\t\t\t\t<div class=\"elementor-element elementor-element-34ef3cb elementor-widget elementor-widget-heading\" data-id=\"34ef3cb\" data-element_type=\"widget\" data-widget_type=\"heading.default\">\n\t\t\t\t<div class=\"elementor-widget-container\">\n\t\t\t\t\t<h2 class=\"elementor-heading-title elementor-size-default\">Inici\u00e1 el tr\u00e1mite<\/h2>\t\t\t\t<\/div>\n\t\t\t\t<\/div>\n\t\t\t\t<div class=\"elementor-element elementor-element-ecb1ede elementor-widget elementor-widget-heading\" data-id=\"ecb1ede\" data-element_type=\"widget\" data-widget_type=\"heading.default\">\n\t\t\t\t<div class=\"elementor-widget-container\">\n\t\t\t\t\t<h2 class=\"elementor-heading-title elementor-size-default\">5 d\u00edas<\/h2>\t\t\t\t<\/div>\n\t\t\t\t<\/div>\n\t\t\t\t<div class=\"elementor-element elementor-element-871ed29 elementor-widget elementor-widget-heading\" data-id=\"871ed29\" data-element_type=\"widget\" data-widget_type=\"heading.default\">\n\t\t\t\t<div class=\"elementor-widget-container\">\n\t\t\t\t\t<h2 class=\"elementor-heading-title elementor-size-default\">Es importante dar aviso inmediatamente a la compa\u00f1\u00eda en caso de accidente o siniestro, luego del aviso el asegurado cuenta con 5 d\u00edas continuos como l\u00edmite para formalizar la denuncia.<\/h2>\t\t\t\t<\/div>\n\t\t\t\t<\/div>\n\t\t\t\t<div class=\"elementor-element elementor-element-04237d2 elementor-widget elementor-widget-button\" data-id=\"04237d2\" data-element_type=\"widget\" data-widget_type=\"button.default\">\n\t\t\t\t<div class=\"elementor-widget-container\">\n\t\t\t\t\t\t\t\t\t<div class=\"elementor-button-wrapper\">\n\t\t\t\t\t<a class=\"elementor-button elementor-button-link elementor-size-sm\" href=\"tel:2902%209999%20\">\n\t\t\t\t\t\t<span class=\"elementor-button-content-wrapper\">\n\t\t\t\t\t\t\t\t\t<span class=\"elementor-button-text\">Iniciar tr\u00e1mite<\/span>\n\t\t\t\t\t<\/span>\n\t\t\t\t\t<\/a>\n\t\t\t\t<\/div>\n\t\t\t\t\t\t\t\t<\/div>\n\t\t\t\t<\/div>\n\t\t\t\t\t<\/div>\n\t\t<\/div>\n\t\t\t\t\t<\/div>\n\t\t<\/section>\n\t\t\t\t<section class=\"elementor-section elementor-top-section elementor-element elementor-element-752deb6 elementor-section-boxed elementor-section-height-default elementor-section-height-default\" data-id=\"752deb6\" data-element_type=\"section\" data-settings=\"{&quot;background_background&quot;:&quot;classic&quot;}\">\n\t\t\t\t\t\t<div class=\"elementor-container elementor-column-gap-default\">\n\t\t\t\t\t<div class=\"elementor-column elementor-col-33 elementor-top-column elementor-element elementor-element-3043544\" data-id=\"3043544\" data-element_type=\"column\">\n\t\t\t<div class=\"elementor-widget-wrap elementor-element-populated\">\n\t\t\t\t\t\t<div class=\"elementor-element elementor-element-44e2c92 elementor-widget elementor-widget-image\" data-id=\"44e2c92\" data-element_type=\"widget\" data-widget_type=\"image.default\">\n\t\t\t\t<div class=\"elementor-widget-container\">\n\t\t\t\t\t\t\t\t\t\t\t\t\t\t\t<img decoding=\"async\" width=\"214\" height=\"215\" src=\"https:\/\/www.sancristobalseguros.com.uy\/institucional\/wp-content\/uploads\/2022\/02\/icono-cotizar-2.png\" class=\"attachment-large size-large wp-image-1972\" alt=\"\" srcset=\"https:\/\/www.sancristobalseguros.com.uy\/institucional\/wp-content\/uploads\/2022\/02\/icono-cotizar-2.png 214w, https:\/\/www.sancristobalseguros.com.uy\/institucional\/wp-content\/uploads\/2022\/02\/icono-cotizar-2-150x150.png 150w, https:\/\/www.sancristobalseguros.com.uy\/institucional\/wp-content\/uploads\/2022\/02\/icono-cotizar-2-100x100.png 100w\" sizes=\"100vw\" \/>\t\t\t\t\t\t\t\t\t\t\t\t\t\t\t<\/div>\n\t\t\t\t<\/div>\n\t\t\t\t\t<\/div>\n\t\t<\/div>\n\t\t\t\t<div class=\"elementor-column elementor-col-66 elementor-top-column elementor-element elementor-element-dbf19a6\" data-id=\"dbf19a6\" data-element_type=\"column\">\n\t\t\t<div class=\"elementor-widget-wrap elementor-element-populated\">\n\t\t\t\t\t\t<div class=\"elementor-element elementor-element-72f230f elementor-widget elementor-widget-heading\" data-id=\"72f230f\" data-element_type=\"widget\" data-widget_type=\"heading.default\">\n\t\t\t\t<div class=\"elementor-widget-container\">\n\t\t\t\t\t<h2 class=\"elementor-heading-title elementor-size-default\">Documentaci\u00f3n<br>necesaria<\/h2>\t\t\t\t<\/div>\n\t\t\t\t<\/div>\n\t\t\t\t<div class=\"elementor-element elementor-element-a38e763 elementor-widget__width-initial elementor-widget elementor-widget-text-editor\" data-id=\"a38e763\" data-element_type=\"widget\" data-widget_type=\"text-editor.default\">\n\t\t\t\t<div class=\"elementor-widget-container\">\n\t\t\t\t\t\t\t\t\t<p>Te pediremos en la mayor\u00eda de casos lo siguiente:<\/p>\t\t\t\t\t\t\t\t<\/div>\n\t\t\t\t<\/div>\n\t\t\t\t<div class=\"elementor-element elementor-element-e9fca68 elementor-icon-list--layout-traditional elementor-list-item-link-full_width elementor-widget elementor-widget-icon-list\" data-id=\"e9fca68\" data-element_type=\"widget\" data-widget_type=\"icon-list.default\">\n\t\t\t\t<div class=\"elementor-widget-container\">\n\t\t\t\t\t\t\t<ul class=\"elementor-icon-list-items\">\n\t\t\t\t\t\t\t<li class=\"elementor-icon-list-item\">\n\t\t\t\t\t\t\t\t\t\t\t<span class=\"elementor-icon-list-icon\">\n\t\t\t\t\t\t\t<i aria-hidden=\"true\" class=\"fas fa-circle\"><\/i>\t\t\t\t\t\t<\/span>\n\t\t\t\t\t\t\t\t\t\t<span class=\"elementor-icon-list-text\">C\u00e9dula de identidad<\/span>\n\t\t\t\t\t\t\t\t\t<\/li>\n\t\t\t\t\t\t\t\t<li class=\"elementor-icon-list-item\">\n\t\t\t\t\t\t\t\t\t\t\t<span class=\"elementor-icon-list-icon\">\n\t\t\t\t\t\t\t<i aria-hidden=\"true\" class=\"fas fa-circle\"><\/i>\t\t\t\t\t\t<\/span>\n\t\t\t\t\t\t\t\t\t\t<span class=\"elementor-icon-list-text\">Permiso de conducir<\/span>\n\t\t\t\t\t\t\t\t\t<\/li>\n\t\t\t\t\t\t\t\t<li class=\"elementor-icon-list-item\">\n\t\t\t\t\t\t\t\t\t\t\t<span class=\"elementor-icon-list-icon\">\n\t\t\t\t\t\t\t<i aria-hidden=\"true\" class=\"fas fa-circle\"><\/i>\t\t\t\t\t\t<\/span>\n\t\t\t\t\t\t\t\t\t\t<span class=\"elementor-icon-list-text\">Libreta de propiedad del autom\u00f3vil<\/span>\n\t\t\t\t\t\t\t\t\t<\/li>\n\t\t\t\t\t\t\t\t<li class=\"elementor-icon-list-item\">\n\t\t\t\t\t\t\t\t\t\t\t<span class=\"elementor-icon-list-icon\">\n\t\t\t\t\t\t\t<i aria-hidden=\"true\" class=\"fas fa-circle\"><\/i>\t\t\t\t\t\t<\/span>\n\t\t\t\t\t\t\t\t\t\t<span class=\"elementor-icon-list-text\">Denuncia policial (Para los accidentes donde hubo lesionados y para las denuncias de hurtos o rapi\u00f1as)<\/span>\n\t\t\t\t\t\t\t\t\t<\/li>\n\t\t\t\t\t\t<\/ul>\n\t\t\t\t\t\t<\/div>\n\t\t\t\t<\/div>\n\t\t\t\t\t<\/div>\n\t\t<\/div>\n\t\t\t\t\t<\/div>\n\t\t<\/section>\n\t\t\t\t<section class=\"elementor-section elementor-top-section elementor-element elementor-element-6c80acb elementor-hidden-mobile elementor-section-boxed elementor-section-height-default elementor-section-height-default\" data-id=\"6c80acb\" data-element_type=\"section\">\n\t\t\t\t\t\t<div class=\"elementor-container elementor-column-gap-default\">\n\t\t\t\t\t<div class=\"elementor-column elementor-col-33 elementor-top-column elementor-element elementor-element-998f44f\" data-id=\"998f44f\" data-element_type=\"column\">\n\t\t\t<div class=\"elementor-widget-wrap elementor-element-populated\">\n\t\t\t\t\t\t<div class=\"elementor-element elementor-element-4c13784 elementor-widget elementor-widget-image\" data-id=\"4c13784\" data-element_type=\"widget\" data-widget_type=\"image.default\">\n\t\t\t\t<div class=\"elementor-widget-container\">\n\t\t\t\t\t\t\t\t\t\t\t\t\t\t\t<img fetchpriority=\"high\" decoding=\"async\" width=\"344\" height=\"347\" src=\"https:\/\/www.sancristobalseguros.com.uy\/institucional\/wp-content\/uploads\/2022\/02\/coberturas-11-1.png\" class=\"attachment-large size-large wp-image-1971\" alt=\"\" srcset=\"https:\/\/www.sancristobalseguros.com.uy\/institucional\/wp-content\/uploads\/2022\/02\/coberturas-11-1.png 344w, https:\/\/www.sancristobalseguros.com.uy\/institucional\/wp-content\/uploads\/2022\/02\/coberturas-11-1-297x300.png 297w, https:\/\/www.sancristobalseguros.com.uy\/institucional\/wp-content\/uploads\/2022\/02\/coberturas-11-1-150x150.png 150w, https:\/\/www.sancristobalseguros.com.uy\/institucional\/wp-content\/uploads\/2022\/02\/coberturas-11-1-100x100.png 100w\" sizes=\"100vw\" \/>\t\t\t\t\t\t\t\t\t\t\t\t\t\t\t<\/div>\n\t\t\t\t<\/div>\n\t\t\t\t\t<\/div>\n\t\t<\/div>\n\t\t\t\t<div class=\"elementor-column elementor-col-66 elementor-top-column elementor-element elementor-element-0836bad\" data-id=\"0836bad\" data-element_type=\"column\">\n\t\t\t<div class=\"elementor-widget-wrap elementor-element-populated\">\n\t\t\t\t\t\t<div class=\"elementor-element elementor-element-d042303 elementor-widget elementor-widget-heading\" data-id=\"d042303\" data-element_type=\"widget\" data-widget_type=\"heading.default\">\n\t\t\t\t<div class=\"elementor-widget-container\">\n\t\t\t\t\t<h2 class=\"elementor-heading-title elementor-size-default\">\u00bfC\u00f3mo proceder seg\u00fan el tipo de siniestro?<\/h2>\t\t\t\t<\/div>\n\t\t\t\t<\/div>\n\t\t\t\t<div class=\"elementor-element elementor-element-edf9b87 elementor-widget elementor-widget-eael-adv-accordion\" data-id=\"edf9b87\" data-element_type=\"widget\" data-widget_type=\"eael-adv-accordion.default\">\n\t\t\t\t<div class=\"elementor-widget-container\">\n\t\t\t\t\t            <div class=\"eael-adv-accordion\" id=\"eael-adv-accordion-edf9b87\" data-scroll-on-click=\"no\" data-scroll-speed=\"300\" data-accordion-id=\"edf9b87\" data-accordion-type=\"toggle\" data-toogle-speed=\"300\">\n            <div class=\"eael-accordion-list\">\n\t\t\t\t\t<div id=\"accidente-o-colisin-sin-lesionados\" class=\"elementor-tab-title eael-accordion-header active-default\" tabindex=\"0\" data-tab=\"1\" aria-controls=\"elementor-tab-content-2491\"><span class=\"eael-advanced-accordion-icon-closed\"><i aria-hidden=\"true\" class=\"fa-accordion-icon fas fa-plus\"><\/i><\/span><span class=\"eael-advanced-accordion-icon-opened\"><i aria-hidden=\"true\" class=\"fa-accordion-icon fas fa-minus\"><\/i><\/span><span class=\"eael-accordion-tab-title\">Accidente o colisi\u00f3n sin lesionados<\/span><i aria-hidden=\"true\" class=\"fa-toggle fas fa-angle-right\"><\/i><\/div><div id=\"elementor-tab-content-2491\" class=\"eael-accordion-content clearfix active-default\" data-tab=\"1\" aria-labelledby=\"accidente-o-colisin-sin-lesionados\">Comun\u00edcate inmediatamente por alguno de estos medios:\n<ul style=\"padding-left: 20px;margin-top: 10px\">\n    <li style=\"margin-bottom: 8px\"><a href=\"tel:08008831\">08008831<\/a> y espera a ser atendido<\/li>\n    <li><a href=\"https:\/\/wa.me\/59898029999\">098029999<\/a> Opci\u00f3n 4 \u201cDenunciar un Siniestro\u201d<\/li>\n<\/ul>\n\n<p><strong>Requiere:<\/strong> C\u00e9dula de identidad, permiso de conducir, libreta de propiedad, declaraci\u00f3n de los hechos, fotos de los da\u00f1os, fotos de terceros involucrados (de haberlos).<\/p><\/div>\n\t\t\t\t\t<\/div><div class=\"eael-accordion-list\">\n\t\t\t\t\t<div id=\"accidente-o-colisin-con-lesionados\" class=\"elementor-tab-title eael-accordion-header\" tabindex=\"0\" data-tab=\"2\" aria-controls=\"elementor-tab-content-2492\"><span class=\"eael-advanced-accordion-icon-closed\"><i aria-hidden=\"true\" class=\"fa-accordion-icon fas fa-plus\"><\/i><\/span><span class=\"eael-advanced-accordion-icon-opened\"><i aria-hidden=\"true\" class=\"fa-accordion-icon fas fa-minus\"><\/i><\/span><span class=\"eael-accordion-tab-title\">Accidente o colisi\u00f3n con lesionados<\/span><i aria-hidden=\"true\" class=\"fa-toggle fas fa-angle-right\"><\/i><\/div><div id=\"elementor-tab-content-2492\" class=\"eael-accordion-content clearfix\" data-tab=\"2\" aria-labelledby=\"accidente-o-colisin-con-lesionados\">Comun\u00edcate inmediatamente por alguno de estos medios:\n<ul style=\"padding-left: 20px;margin-top: 10px\">\n    <li style=\"margin-bottom: 8px\"><a href=\"tel:08008831\">08008831<\/a> y espera a ser atendido<\/li>\n    <li><a href=\"https:\/\/wa.me\/59898029999\">098029999<\/a> Opci\u00f3n 4 \u201cDenunciar un Siniestro\u201d<\/li>\n<\/ul>\n\n<p><strong>Requiere:<\/strong> C\u00e9dula de identidad, permiso de conducir, libreta de propiedad, declaraci\u00f3n de los hechos, fotos de los da\u00f1os, fotos de terceros involucrados (de haberlos).<\/p><\/div>\n\t\t\t\t\t<\/div><div class=\"eael-accordion-list\">\n\t\t\t\t\t<div id=\"rotura-de-cristales\" class=\"elementor-tab-title eael-accordion-header\" tabindex=\"0\" data-tab=\"3\" aria-controls=\"elementor-tab-content-2493\"><span class=\"eael-advanced-accordion-icon-closed\"><i aria-hidden=\"true\" class=\"fa-accordion-icon fas fa-plus\"><\/i><\/span><span class=\"eael-advanced-accordion-icon-opened\"><i aria-hidden=\"true\" class=\"fa-accordion-icon fas fa-minus\"><\/i><\/span><span class=\"eael-accordion-tab-title\">Rotura de Cristales<\/span><i aria-hidden=\"true\" class=\"fa-toggle fas fa-angle-right\"><\/i><\/div><div id=\"elementor-tab-content-2493\" class=\"eael-accordion-content clearfix\" data-tab=\"3\" aria-labelledby=\"rotura-de-cristales\">Comun\u00edcate inmediatamente por alguno de estos medios:\n<ul style=\"padding-left: 20px;margin-top: 10px\">\n    <li style=\"margin-bottom: 8px\"><a href=\"tel:08008831\">08008831<\/a> y espera a ser atendido<\/li>\n    <li><a href=\"https:\/\/wa.me\/59898029999\">098029999<\/a> Opci\u00f3n 4 \u201cDenunciar un Siniestro\u201d<\/li>\n<\/ul>\n\n<p><strong>Requiere:<\/strong> C\u00e9dula de identidad, permiso de conducir, libreta de propiedad, declaraci\u00f3n de los hechos, fotos de los da\u00f1os, fotos de terceros involucrados (de haberlos).<\/p><\/div>\n\t\t\t\t\t<\/div><div class=\"eael-accordion-list\">\n\t\t\t\t\t<div id=\"granizo\" class=\"elementor-tab-title eael-accordion-header\" tabindex=\"0\" data-tab=\"4\" aria-controls=\"elementor-tab-content-2494\"><span class=\"eael-advanced-accordion-icon-closed\"><i aria-hidden=\"true\" class=\"fa-accordion-icon fas fa-plus\"><\/i><\/span><span class=\"eael-advanced-accordion-icon-opened\"><i aria-hidden=\"true\" class=\"fa-accordion-icon fas fa-minus\"><\/i><\/span><span class=\"eael-accordion-tab-title\">Granizo<\/span><i aria-hidden=\"true\" class=\"fa-toggle fas fa-angle-right\"><\/i><\/div><div id=\"elementor-tab-content-2494\" class=\"eael-accordion-content clearfix\" data-tab=\"4\" aria-labelledby=\"granizo\">Comun\u00edcate inmediatamente por alguno de estos medios:\n<ul style=\"padding-left: 20px;margin-top: 10px\">\n    <li style=\"margin-bottom: 8px\"><a href=\"tel:08008831\">08008831<\/a> y espera a ser atendido<\/li>\n    <li><a href=\"https:\/\/wa.me\/59898029999\">098029999<\/a> Opci\u00f3n 4 \u201cDenunciar un Siniestro\u201d<\/li>\n<\/ul>\n\n<p><strong>Requiere:<\/strong> C\u00e9dula de identidad, permiso de conducir, libreta de propiedad, declaraci\u00f3n de los hechos, fotos de los da\u00f1os, fotos de terceros involucrados (de haberlos).<\/p><\/div>\n\t\t\t\t\t<\/div><div class=\"eael-accordion-list\">\n\t\t\t\t\t<div id=\"rapia-parcial\" class=\"elementor-tab-title eael-accordion-header\" tabindex=\"0\" data-tab=\"5\" aria-controls=\"elementor-tab-content-2495\"><span class=\"eael-advanced-accordion-icon-closed\"><i aria-hidden=\"true\" class=\"fa-accordion-icon fas fa-plus\"><\/i><\/span><span class=\"eael-advanced-accordion-icon-opened\"><i aria-hidden=\"true\" class=\"fa-accordion-icon fas fa-minus\"><\/i><\/span><span class=\"eael-accordion-tab-title\">Rapi\u00f1a parcial<\/span><i aria-hidden=\"true\" class=\"fa-toggle fas fa-angle-right\"><\/i><\/div><div id=\"elementor-tab-content-2495\" class=\"eael-accordion-content clearfix\" data-tab=\"5\" aria-labelledby=\"rapia-parcial\">Comun\u00edcate inmediatamente por alguno de estos medios:\n<ul style=\"padding-left: 20px;margin-top: 10px\">\n    <li style=\"margin-bottom: 8px\"><a href=\"tel:08008831\">08008831<\/a> y espera a ser atendido<\/li>\n    <li><a href=\"https:\/\/wa.me\/59898029999\">098029999<\/a> Opci\u00f3n 4 \u201cDenunciar un Siniestro\u201d<\/li>\n<\/ul>\n\n<p><strong>Requiere:<\/strong> C\u00e9dula de identidad, permiso de conducir, libreta de propiedad, declaraci\u00f3n de los hechos, fotos de los da\u00f1os, fotos de terceros involucrados (de haberlos).<\/p><\/div>\n\t\t\t\t\t<\/div><div class=\"eael-accordion-list\">\n\t\t\t\t\t<div id=\"incendio-parcial\" class=\"elementor-tab-title eael-accordion-header\" tabindex=\"0\" data-tab=\"6\" aria-controls=\"elementor-tab-content-2496\"><span class=\"eael-advanced-accordion-icon-closed\"><i aria-hidden=\"true\" class=\"fa-accordion-icon fas fa-plus\"><\/i><\/span><span class=\"eael-advanced-accordion-icon-opened\"><i aria-hidden=\"true\" class=\"fa-accordion-icon fas fa-minus\"><\/i><\/span><span class=\"eael-accordion-tab-title\">Incendio parcial<\/span><i aria-hidden=\"true\" class=\"fa-toggle fas fa-angle-right\"><\/i><\/div><div id=\"elementor-tab-content-2496\" class=\"eael-accordion-content clearfix\" data-tab=\"6\" aria-labelledby=\"incendio-parcial\">Comun\u00edcate inmediatamente por alguno de estos medios:\n<ul style=\"padding-left: 20px;margin-top: 10px\">\n    <li style=\"margin-bottom: 8px\"><a href=\"tel:08008831\">08008831<\/a> y espera a ser atendido<\/li>\n    <li><a href=\"https:\/\/wa.me\/59898029999\">098029999<\/a> Opci\u00f3n 4 \u201cDenunciar un Siniestro\u201d<\/li>\n<\/ul>\n\n<p><strong>Requiere:<\/strong> C\u00e9dula de identidad, permiso de conducir, libreta de propiedad, declaraci\u00f3n de los hechos, fotos de los da\u00f1os, fotos de terceros involucrados (de haberlos).<\/p><\/div>\n\t\t\t\t\t<\/div><div class=\"eael-accordion-list\">\n\t\t\t\t\t<div id=\"hurto-o-rapia-total\" class=\"elementor-tab-title eael-accordion-header\" tabindex=\"0\" data-tab=\"7\" aria-controls=\"elementor-tab-content-2497\"><span class=\"eael-advanced-accordion-icon-closed\"><i aria-hidden=\"true\" class=\"fa-accordion-icon fas fa-plus\"><\/i><\/span><span class=\"eael-advanced-accordion-icon-opened\"><i aria-hidden=\"true\" class=\"fa-accordion-icon fas fa-minus\"><\/i><\/span><span class=\"eael-accordion-tab-title\">Hurto o rapi\u00f1a total<\/span><i aria-hidden=\"true\" class=\"fa-toggle fas fa-angle-right\"><\/i><\/div><div id=\"elementor-tab-content-2497\" class=\"eael-accordion-content clearfix\" data-tab=\"7\" aria-labelledby=\"hurto-o-rapia-total\">Comun\u00edcate inmediatamente por alguno de estos medios:\n<ul style=\"padding-left: 20px;margin-top: 10px\">\n    <li style=\"margin-bottom: 8px\"><a href=\"tel:08008831\">08008831<\/a> y espera a ser atendido<\/li>\n    <li><a href=\"https:\/\/wa.me\/59898029999\">098029999<\/a> Opci\u00f3n 4 \u201cDenunciar un Siniestro\u201d<\/li>\n<\/ul>\n\n<p><strong>Requiere:<\/strong> C\u00e9dula de identidad, permiso de conducir, libreta de propiedad, declaraci\u00f3n de los hechos, fotos de los da\u00f1os, fotos de terceros involucrados (de haberlos).<\/p><\/div>\n\t\t\t\t\t<\/div><div class=\"eael-accordion-list\">\n\t\t\t\t\t<div id=\"incendio-total\" class=\"elementor-tab-title eael-accordion-header\" tabindex=\"0\" data-tab=\"8\" aria-controls=\"elementor-tab-content-2498\"><span class=\"eael-advanced-accordion-icon-closed\"><i aria-hidden=\"true\" class=\"fa-accordion-icon fas fa-plus\"><\/i><\/span><span class=\"eael-advanced-accordion-icon-opened\"><i aria-hidden=\"true\" class=\"fa-accordion-icon fas fa-minus\"><\/i><\/span><span class=\"eael-accordion-tab-title\">Incendio total<\/span><i aria-hidden=\"true\" class=\"fa-toggle fas fa-angle-right\"><\/i><\/div><div id=\"elementor-tab-content-2498\" class=\"eael-accordion-content clearfix\" data-tab=\"8\" aria-labelledby=\"incendio-total\">Comun\u00edcate inmediatamente por alguno de estos medios:\n<ul style=\"padding-left: 20px;margin-top: 10px\">\n    <li style=\"margin-bottom: 8px\"><a href=\"tel:08008831\">08008831<\/a> y espera a ser atendido<\/li>\n    <li><a href=\"https:\/\/wa.me\/59898029999\">098029999<\/a> Opci\u00f3n 4 \u201cDenunciar un Siniestro\u201d<\/li>\n<\/ul>\n\n<p><strong>Requiere:<\/strong> C\u00e9dula de identidad, permiso de conducir, libreta de propiedad, declaraci\u00f3n de los hechos, fotos de los da\u00f1os, fotos de terceros involucrados (de haberlos).<\/p><\/div>\n\t\t\t\t\t<\/div><\/div>\t\t\t\t<\/div>\n\t\t\t\t<\/div>\n\t\t\t\t\t<\/div>\n\t\t<\/div>\n\t\t\t\t\t<\/div>\n\t\t<\/section>\n\t\t\t\t<\/div>\n\t\t","protected":false},"excerpt":{"rendered":"<p>Denuncia de siniestro automotor Inici\u00e1 el tr\u00e1mite 5 d\u00edas Es importante dar aviso inmediatamente a la compa\u00f1\u00eda en caso de accidente o siniestro, luego del aviso el asegurado cuenta con 5 d\u00edas continuos como l\u00edmite para formalizar la denuncia. Iniciar tr\u00e1mite Documentaci\u00f3nnecesaria Te pediremos en la mayor\u00eda de casos lo siguiente: C\u00e9dula de identidad Permiso &hellip; <\/p>\n<p class=\"link-more\"><a href=\"https:\/\/www.sancristobalseguros.com.uy\/institucional\/seguros\/denunciar-siniestro\/automotor\/\" class=\"more-link\">Segu\u00ed leyendo<span class=\"screen-reader-text\"> &#8220;Automotor&#8221;<\/span><\/a><\/p>\n","protected":false},"author":1,"featured_media":0,"parent":444,"menu_order":0,"comment_status":"closed","ping_status":"closed","template":"elementor_header_footer","meta":{"inline_featured_image":false,"footnotes":""},"class_list":["post-1066","page","type-page","status-publish","hentry"],"_links":{"self":[{"href":"https:\/\/www.sancristobalseguros.com.uy\/institucional\/wp-json\/wp\/v2\/pages\/1066","targetHints":{"allow":["GET"]}}],"collection":[{"href":"https:\/\/www.sancristobalseguros.com.uy\/institucional\/wp-json\/wp\/v2\/pages"}],"about":[{"href":"https:\/\/www.sancristobalseguros.com.uy\/institucional\/wp-json\/wp\/v2\/types\/page"}],"author":[{"embeddable":true,"href":"https:\/\/www.sancristobalseguros.com.uy\/institucional\/wp-json\/wp\/v2\/users\/1"}],"replies":[{"embeddable":true,"href":"https:\/\/www.sancristobalseguros.com.uy\/institucional\/wp-json\/wp\/v2\/comments?post=1066"}],"version-history":[{"count":37,"href":"https:\/\/www.sancristobalseguros.com.uy\/institucional\/wp-json\/wp\/v2\/pages\/1066\/revisions"}],"predecessor-version":[{"id":3685,"href":"https:\/\/www.sancristobalseguros.com.uy\/institucional\/wp-json\/wp\/v2\/pages\/1066\/revisions\/3685"}],"up":[{"embeddable":true,"href":"https:\/\/www.sancristobalseguros.com.uy\/institucional\/wp-json\/wp\/v2\/pages\/444"}],"wp:attachment":[{"href":"https:\/\/www.sancristobalseguros.com.uy\/institucional\/wp-json\/wp\/v2\/media?parent=1066"}],"curies":[{"name":"wp","href":"https:\/\/api.w.org\/{rel}","templated":true}]}}